{"id":650,"date":"2022-03-28T12:49:03","date_gmt":"2022-03-28T12:49:03","guid":{"rendered":"https:\/\/www.titanlat.com\/site\/?page_id=650"},"modified":"2025-02-18T10:02:13","modified_gmt":"2025-02-18T13:02:13","slug":"imprensa","status":"publish","type":"page","link":"https:\/\/www.titanlat.com\/site\/imprensa\/","title":{"rendered":"Imprensa"},"content":{"rendered":"\t\t<div data-elementor-type=\"wp-page\" data-elementor-id=\"650\" class=\"elementor elementor-650\" data-elementor-post-type=\"page\">\n\t\t\t\t\t\t<section class=\"elementor-section elementor-top-section elementor-element elementor-element-6d7057d elementor-section-boxed elementor-section-height-default elementor-section-height-default parallax_section_no qode_elementor_container_no\" data-id=\"6d7057d\" data-element_type=\"section\" data-e-type=\"section\">\n\t\t\t\t\t\t<div class=\"elementor-container elementor-column-gap-default\">\n\t\t\t\t\t<div class=\"elementor-column elementor-col-100 elementor-top-column elementor-element elementor-element-c790030\" data-id=\"c790030\" data-element_type=\"column\" data-e-type=\"column\">\n\t\t\t<div class=\"elementor-widget-wrap\">\n\t\t\t\t\t\t\t<\/div>\n\t\t<\/div>\n\t\t\t\t\t<\/div>\n\t\t<\/section>\n\t\t\t\t<section class=\"elementor-section elementor-top-section elementor-element elementor-element-a4b016e elementor-section-boxed elementor-section-height-default elementor-section-height-default parallax_section_no qode_elementor_container_no\" data-id=\"a4b016e\" data-element_type=\"section\" data-e-type=\"section\" data-settings=\"{&quot;background_background&quot;:&quot;classic&quot;}\">\n\t\t\t\t\t\t<div class=\"elementor-container elementor-column-gap-no\">\n\t\t\t\t\t<div class=\"elementor-column elementor-col-100 elementor-top-column elementor-element elementor-element-cd6173e\" data-id=\"cd6173e\" data-element_type=\"column\" data-e-type=\"column\">\n\t\t\t<div class=\"elementor-widget-wrap elementor-element-populated\">\n\t\t\t\t\t\t<div class=\"elementor-element elementor-element-b08f523 elementor-widget elementor-widget-image\" data-id=\"b08f523\" data-element_type=\"widget\" data-e-type=\"widget\" data-widget_type=\"image.default\">\n\t\t\t\t<div class=\"elementor-widget-container\">\n\t\t\t\t\t\t\t\t\t\t\t\t\t\t\t<img decoding=\"async\" width=\"84\" height=\"66\" src=\"https:\/\/www.titanlat.com\/site\/wp-content\/uploads\/2022\/03\/icone1-2.png\" class=\"attachment-large size-large wp-image-658\" alt=\"\" \/>\t\t\t\t\t\t\t\t\t\t\t\t\t\t\t<\/div>\n\t\t\t\t<\/div>\n\t\t\t\t<section class=\"elementor-section elementor-inner-section elementor-element elementor-element-7e1453e elementor-section-boxed elementor-section-height-default elementor-section-height-default parallax_section_no qode_elementor_container_no\" data-id=\"7e1453e\" data-element_type=\"section\" data-e-type=\"section\">\n\t\t\t\t\t\t<div class=\"elementor-container elementor-column-gap-default\">\n\t\t\t\t\t<div class=\"elementor-column elementor-col-50 elementor-inner-column elementor-element elementor-element-ab9c506\" data-id=\"ab9c506\" data-element_type=\"column\" data-e-type=\"column\">\n\t\t\t<div class=\"elementor-widget-wrap elementor-element-populated\">\n\t\t\t\t\t\t<div class=\"elementor-element elementor-element-f2a553c elementor-widget elementor-widget-heading\" data-id=\"f2a553c\" data-element_type=\"widget\" data-e-type=\"widget\" data-widget_type=\"heading.default\">\n\t\t\t\t<div class=\"elementor-widget-container\">\n\t\t\t\t\t<h4 class=\"elementor-heading-title elementor-size-default\">Advice Comunica\u00e7\u00e3o Corporativa<br>\nChristiane Mariotto\n\n\n<\/h4>\t\t\t\t<\/div>\n\t\t\t\t<\/div>\n\t\t\t\t<div class=\"elementor-element elementor-element-c814bdf elementor-widget elementor-widget-heading\" data-id=\"c814bdf\" data-element_type=\"widget\" data-e-type=\"widget\" data-widget_type=\"heading.default\">\n\t\t\t\t<div class=\"elementor-widget-container\">\n\t\t\t\t\t<h4 class=\"elementor-heading-title elementor-size-default\">christiane.mariotto@advicecc.com<br>\n+(55) 11 99128-4092\n\n<\/h4>\t\t\t\t<\/div>\n\t\t\t\t<\/div>\n\t\t\t\t\t<\/div>\n\t\t<\/div>\n\t\t\t\t<div class=\"elementor-column elementor-col-50 elementor-inner-column elementor-element elementor-element-61096b3\" data-id=\"61096b3\" data-element_type=\"column\" data-e-type=\"column\">\n\t\t\t<div class=\"elementor-widget-wrap elementor-element-populated\">\n\t\t\t\t\t\t<div class=\"elementor-element elementor-element-40d009e elementor-widget elementor-widget-heading\" data-id=\"40d009e\" data-element_type=\"widget\" data-e-type=\"widget\" data-widget_type=\"heading.default\">\n\t\t\t\t<div class=\"elementor-widget-container\">\n\t\t\t\t\t<h4 class=\"elementor-heading-title elementor-size-default\">Rural Press<br>\nBruno Santos\n\n\n<\/h4>\t\t\t\t<\/div>\n\t\t\t\t<\/div>\n\t\t\t\t<div class=\"elementor-element elementor-element-3e5294e elementor-widget elementor-widget-heading\" data-id=\"3e5294e\" data-element_type=\"widget\" data-e-type=\"widget\" data-widget_type=\"heading.default\">\n\t\t\t\t<div class=\"elementor-widget-container\">\n\t\t\t\t\t<h4 class=\"elementor-heading-title elementor-size-default\">bruno@ruralpress.com.br\n<br>\n+(55 ) 11 98933-4915\n<\/h4>\t\t\t\t<\/div>\n\t\t\t\t<\/div>\n\t\t\t\t\t<\/div>\n\t\t<\/div>\n\t\t\t\t\t<\/div>\n\t\t<\/section>\n\t\t\t\t\t<\/div>\n\t\t<\/div>\n\t\t\t\t\t<\/div>\n\t\t<\/section>\n\t\t\t\t<section class=\"elementor-section elementor-top-section elementor-element elementor-element-bb75f2d elementor-section-boxed elementor-section-height-default elementor-section-height-default parallax_section_no qode_elementor_container_no\" data-id=\"bb75f2d\" data-element_type=\"section\" data-e-type=\"section\" data-settings=\"{&quot;background_background&quot;:&quot;classic&quot;}\">\n\t\t\t\t\t\t<div class=\"elementor-container elementor-column-gap-default\">\n\t\t\t\t\t<div class=\"elementor-column elementor-col-100 elementor-top-column elementor-element elementor-element-fee9d31\" data-id=\"fee9d31\" data-element_type=\"column\" data-e-type=\"column\">\n\t\t\t<div class=\"elementor-widget-wrap elementor-element-populated\">\n\t\t\t\t\t\t<div class=\"elementor-element elementor-element-da55f8e elementor-widget elementor-widget-heading\" data-id=\"da55f8e\" data-element_type=\"widget\" data-e-type=\"widget\" data-widget_type=\"heading.default\">\n\t\t\t\t<div class=\"elementor-widget-container\">\n\t\t\t\t\t<h2 class=\"elementor-heading-title elementor-size-default\">Fa\u00e7a download dos nossos materiais oficiais<\/h2>\t\t\t\t<\/div>\n\t\t\t\t<\/div>\n\t\t\t\t<section class=\"elementor-section elementor-inner-section elementor-element elementor-element-4b05e20 elementor-section-content-bottom elementor-section-boxed elementor-section-height-default elementor-section-height-default parallax_section_no qode_elementor_container_no\" data-id=\"4b05e20\" data-element_type=\"section\" data-e-type=\"section\">\n\t\t\t\t\t\t<div class=\"elementor-container elementor-column-gap-default\">\n\t\t\t\t\t<div class=\"elementor-column elementor-col-20 elementor-inner-column elementor-element elementor-element-33ec1df\" data-id=\"33ec1df\" data-element_type=\"column\" data-e-type=\"column\" data-settings=\"{&quot;background_background&quot;:&quot;classic&quot;}\">\n\t\t\t<div class=\"elementor-widget-wrap elementor-element-populated\">\n\t\t\t\t\t\t<div class=\"elementor-element elementor-element-2eddaa3 elementor-widget-divider--view-line elementor-widget elementor-widget-divider\" data-id=\"2eddaa3\" data-element_type=\"widget\" data-e-type=\"widget\" data-widget_type=\"divider.default\">\n\t\t\t\t<div class=\"elementor-widget-container\">\n\t\t\t\t\t\t\t<div class=\"elementor-divider\">\n\t\t\t<span class=\"elementor-divider-separator\">\n\t\t\t\t\t\t<\/span>\n\t\t<\/div>\n\t\t\t\t\t\t<\/div>\n\t\t\t\t<\/div>\n\t\t\t\t\t<\/div>\n\t\t<\/div>\n\t\t\t\t<div class=\"elementor-column elementor-col-20 elementor-inner-column elementor-element elementor-element-0169634\" data-id=\"0169634\" data-element_type=\"column\" data-e-type=\"column\" data-settings=\"{&quot;background_background&quot;:&quot;classic&quot;}\">\n\t\t\t<div class=\"elementor-widget-wrap elementor-element-populated\">\n\t\t\t\t\t\t<div class=\"elementor-element elementor-element-b6e4095 elementor-widget elementor-widget-image\" data-id=\"b6e4095\" data-element_type=\"widget\" data-e-type=\"widget\" data-widget_type=\"image.default\">\n\t\t\t\t<div class=\"elementor-widget-container\">\n\t\t\t\t\t\t\t\t\t\t\t\t\t\t\t<img decoding=\"async\" width=\"57\" height=\"56\" src=\"https:\/\/www.titanlat.com\/site\/wp-content\/uploads\/2022\/03\/icone4-1.png\" class=\"attachment-large size-large wp-image-660\" alt=\"\" \/>\t\t\t\t\t\t\t\t\t\t\t\t\t\t\t<\/div>\n\t\t\t\t<\/div>\n\t\t\t\t<div class=\"elementor-element elementor-element-1d1a355 elementor-widget elementor-widget-heading\" data-id=\"1d1a355\" data-element_type=\"widget\" data-e-type=\"widget\" data-widget_type=\"heading.default\">\n\t\t\t\t<div class=\"elementor-widget-container\">\n\t\t\t\t\t<h4 class=\"elementor-heading-title elementor-size-default\">Apresenta\u00e7\u00e3o<BR> Institucional<\/h4>\t\t\t\t<\/div>\n\t\t\t\t<\/div>\n\t\t\t\t<div class=\"elementor-element elementor-element-1eea4d6 elementor-widget-divider--view-line elementor-widget elementor-widget-divider\" data-id=\"1eea4d6\" data-element_type=\"widget\" data-e-type=\"widget\" data-widget_type=\"divider.default\">\n\t\t\t\t<div class=\"elementor-widget-container\">\n\t\t\t\t\t\t\t<div class=\"elementor-divider\">\n\t\t\t<span class=\"elementor-divider-separator\">\n\t\t\t\t\t\t<\/span>\n\t\t<\/div>\n\t\t\t\t\t\t<\/div>\n\t\t\t\t<\/div>\n\t\t\t\t<div class=\"elementor-element elementor-element-3e84607 elementor-align-center elementor-tablet-align-left elementor-mobile-align-center elementor-widget elementor-widget-button\" data-id=\"3e84607\" data-element_type=\"widget\" data-e-type=\"widget\" data-widget_type=\"button.default\">\n\t\t\t\t<div class=\"elementor-widget-container\">\n\t\t\t\t\t\t\t\t\t<div class=\"elementor-button-wrapper\">\n\t\t\t\t\t<a class=\"elementor-button elementor-button-link elementor-size-xs\" href=\"https:\/\/www.titanlat.com\/site\/wp-content\/uploads\/2025\/02\/titan-apresentacao-institucional-pptx.pdf\">\n\t\t\t\t\t\t<span class=\"elementor-button-content-wrapper\">\n\t\t\t\t\t\t\t\t\t<span class=\"elementor-button-text\">DOWNLOAD<\/span>\n\t\t\t\t\t<\/span>\n\t\t\t\t\t<\/a>\n\t\t\t\t<\/div>\n\t\t\t\t\t\t\t\t<\/div>\n\t\t\t\t<\/div>\n\t\t\t\t\t<\/div>\n\t\t<\/div>\n\t\t\t\t<div class=\"elementor-column elementor-col-20 elementor-inner-column elementor-element elementor-element-41aaf06\" data-id=\"41aaf06\" data-element_type=\"column\" data-e-type=\"column\" data-settings=\"{&quot;background_background&quot;:&quot;classic&quot;}\">\n\t\t\t<div class=\"elementor-widget-wrap elementor-element-populated\">\n\t\t\t\t\t\t<div class=\"elementor-element elementor-element-d3f1fe7 elementor-widget-divider--view-line elementor-widget elementor-widget-divider\" data-id=\"d3f1fe7\" data-element_type=\"widget\" data-e-type=\"widget\" data-widget_type=\"divider.default\">\n\t\t\t\t<div class=\"elementor-widget-container\">\n\t\t\t\t\t\t\t<div class=\"elementor-divider\">\n\t\t\t<span class=\"elementor-divider-separator\">\n\t\t\t\t\t\t<\/span>\n\t\t<\/div>\n\t\t\t\t\t\t<\/div>\n\t\t\t\t<\/div>\n\t\t\t\t\t<\/div>\n\t\t<\/div>\n\t\t\t\t<div class=\"elementor-column elementor-col-20 elementor-inner-column elementor-element elementor-element-e9c31ff\" data-id=\"e9c31ff\" data-element_type=\"column\" data-e-type=\"column\" data-settings=\"{&quot;background_background&quot;:&quot;classic&quot;}\">\n\t\t\t<div class=\"elementor-widget-wrap elementor-element-populated\">\n\t\t\t\t\t\t<div class=\"elementor-element elementor-element-cd08561 elementor-widget elementor-widget-image\" data-id=\"cd08561\" data-element_type=\"widget\" data-e-type=\"widget\" data-widget_type=\"image.default\">\n\t\t\t\t<div class=\"elementor-widget-container\">\n\t\t\t\t\t\t\t\t\t\t\t\t\t\t\t<img decoding=\"async\" width=\"57\" height=\"56\" src=\"https:\/\/www.titanlat.com\/site\/wp-content\/uploads\/2022\/03\/icone5.png\" class=\"attachment-large size-large wp-image-661\" alt=\"\" \/>\t\t\t\t\t\t\t\t\t\t\t\t\t\t\t<\/div>\n\t\t\t\t<\/div>\n\t\t\t\t<div class=\"elementor-element elementor-element-5f47a0f elementor-widget elementor-widget-heading\" data-id=\"5f47a0f\" data-element_type=\"widget\" data-e-type=\"widget\" data-widget_type=\"heading.default\">\n\t\t\t\t<div class=\"elementor-widget-container\">\n\t\t\t\t\t<h4 class=\"elementor-heading-title elementor-size-default\">Kit <BR>M\u00eddia<\/h4>\t\t\t\t<\/div>\n\t\t\t\t<\/div>\n\t\t\t\t<div class=\"elementor-element elementor-element-9738a80 elementor-widget-divider--view-line elementor-widget elementor-widget-divider\" data-id=\"9738a80\" data-element_type=\"widget\" data-e-type=\"widget\" data-widget_type=\"divider.default\">\n\t\t\t\t<div class=\"elementor-widget-container\">\n\t\t\t\t\t\t\t<div class=\"elementor-divider\">\n\t\t\t<span class=\"elementor-divider-separator\">\n\t\t\t\t\t\t<\/span>\n\t\t<\/div>\n\t\t\t\t\t\t<\/div>\n\t\t\t\t<\/div>\n\t\t\t\t<div class=\"elementor-element elementor-element-87e46c9 elementor-align-center elementor-widget elementor-widget-button\" data-id=\"87e46c9\" data-element_type=\"widget\" data-e-type=\"widget\" data-widget_type=\"button.default\">\n\t\t\t\t<div class=\"elementor-widget-container\">\n\t\t\t\t\t\t\t\t\t<div class=\"elementor-button-wrapper\">\n\t\t\t\t\t<a class=\"elementor-button elementor-button-link elementor-size-xs\" href=\"https:\/\/www.titanlat.com\/site\/wp-content\/uploads\/2022\/08\/KIT-Midia_titan.zip\">\n\t\t\t\t\t\t<span class=\"elementor-button-content-wrapper\">\n\t\t\t\t\t\t\t\t\t<span class=\"elementor-button-text\">DOWNLOAD<\/span>\n\t\t\t\t\t<\/span>\n\t\t\t\t\t<\/a>\n\t\t\t\t<\/div>\n\t\t\t\t\t\t\t\t<\/div>\n\t\t\t\t<\/div>\n\t\t\t\t\t<\/div>\n\t\t<\/div>\n\t\t\t\t<div class=\"elementor-column elementor-col-20 elementor-inner-column elementor-element elementor-element-f32a41b\" data-id=\"f32a41b\" data-element_type=\"column\" data-e-type=\"column\" data-settings=\"{&quot;background_background&quot;:&quot;classic&quot;}\">\n\t\t\t<div class=\"elementor-widget-wrap elementor-element-populated\">\n\t\t\t\t\t\t<div class=\"elementor-element elementor-element-d28e71e elementor-widget-divider--view-line elementor-widget elementor-widget-divider\" data-id=\"d28e71e\" data-element_type=\"widget\" data-e-type=\"widget\" data-widget_type=\"divider.default\">\n\t\t\t\t<div class=\"elementor-widget-container\">\n\t\t\t\t\t\t\t<div class=\"elementor-divider\">\n\t\t\t<span class=\"elementor-divider-separator\">\n\t\t\t\t\t\t<\/span>\n\t\t<\/div>\n\t\t\t\t\t\t<\/div>\n\t\t\t\t<\/div>\n\t\t\t\t\t<\/div>\n\t\t<\/div>\n\t\t\t\t\t<\/div>\n\t\t<\/section>\n\t\t\t\t\t<\/div>\n\t\t<\/div>\n\t\t\t\t\t<\/div>\n\t\t<\/section>\n\t\t\t\t<\/div>\n\t\t","protected":false},"excerpt":{"rendered":"<p>Advice Comunica\u00e7\u00e3o Corporativa Christiane Mariotto christiane.mariotto@advicecc.com +(55) 11 99128-4092 Rural Press Bruno Santos bruno@ruralpress.com.br +(55 ) 11 98933-4915 Fa\u00e7a download dos nossos materiais oficiais Apresenta\u00e7\u00e3o Institucional DOWNLOAD Kit M\u00eddia DOWNLOAD<\/p>\n","protected":false},"author":1,"featured_media":0,"parent":0,"menu_order":0,"comment_status":"closed","ping_status":"open","template":"","meta":{"_acf_changed":false,"footnotes":""},"class_list":["post-650","page","type-page","status-publish","hentry"],"acf":[],"yoast_head":"<!-- This site is optimized with the Yoast SEO plugin v27.6 - https:\/\/yoast.com\/product\/yoast-seo-wordpress\/ -->\n<title>Imprensa - Titan<\/title>\n<meta name=\"robots\" content=\"index, follow, max-snippet:-1, max-image-preview:large, max-video-preview:-1\" \/>\n<link rel=\"canonical\" href=\"https:\/\/www.titanlat.com\/site\/imprensa\/\" \/>\n<meta property=\"og:locale\" content=\"pt_BR\" \/>\n<meta property=\"og:type\" content=\"article\" \/>\n<meta property=\"og:title\" content=\"Imprensa - Titan\" \/>\n<meta property=\"og:description\" content=\"Advice Comunica\u00e7\u00e3o Corporativa Christiane Mariotto christiane.mariotto@advicecc.com +(55) 11 99128-4092 Rural Press Bruno Santos bruno@ruralpress.com.br +(55 ) 11 98933-4915 Fa\u00e7a download dos nossos materiais oficiais Apresenta\u00e7\u00e3o Institucional DOWNLOAD Kit M\u00eddia DOWNLOAD\" \/>\n<meta property=\"og:url\" content=\"https:\/\/www.titanlat.com\/site\/imprensa\/\" \/>\n<meta property=\"og:site_name\" content=\"Titan\" \/>\n<meta property=\"article:modified_time\" content=\"2025-02-18T13:02:13+00:00\" \/>\n<meta property=\"og:image\" content=\"https:\/\/www.titanlat.com\/site\/wp-content\/uploads\/2022\/03\/icone1-2.png\" \/>\n<meta name=\"twitter:card\" content=\"summary_large_image\" \/>\n<meta name=\"twitter:label1\" content=\"Est. tempo de leitura\" \/>\n\t<meta name=\"twitter:data1\" content=\"1 minuto\" \/>\n<script type=\"application\/ld+json\" class=\"yoast-schema-graph\">{\"@context\":\"https:\\\/\\\/schema.org\",\"@graph\":[{\"@type\":\"WebPage\",\"@id\":\"https:\\\/\\\/www.titanlat.com\\\/site\\\/imprensa\\\/\",\"url\":\"https:\\\/\\\/www.titanlat.com\\\/site\\\/imprensa\\\/\",\"name\":\"Imprensa - Titan\",\"isPartOf\":{\"@id\":\"https:\\\/\\\/www.titanlat.com\\\/site\\\/#website\"},\"primaryImageOfPage\":{\"@id\":\"https:\\\/\\\/www.titanlat.com\\\/site\\\/imprensa\\\/#primaryimage\"},\"image\":{\"@id\":\"https:\\\/\\\/www.titanlat.com\\\/site\\\/imprensa\\\/#primaryimage\"},\"thumbnailUrl\":\"https:\\\/\\\/www.titanlat.com\\\/site\\\/wp-content\\\/uploads\\\/2022\\\/03\\\/icone1-2.png\",\"datePublished\":\"2022-03-28T12:49:03+00:00\",\"dateModified\":\"2025-02-18T13:02:13+00:00\",\"breadcrumb\":{\"@id\":\"https:\\\/\\\/www.titanlat.com\\\/site\\\/imprensa\\\/#breadcrumb\"},\"inLanguage\":\"pt-BR\",\"potentialAction\":[{\"@type\":\"ReadAction\",\"target\":[\"https:\\\/\\\/www.titanlat.com\\\/site\\\/imprensa\\\/\"]}]},{\"@type\":\"ImageObject\",\"inLanguage\":\"pt-BR\",\"@id\":\"https:\\\/\\\/www.titanlat.com\\\/site\\\/imprensa\\\/#primaryimage\",\"url\":\"https:\\\/\\\/www.titanlat.com\\\/site\\\/wp-content\\\/uploads\\\/2022\\\/03\\\/icone1-2.png\",\"contentUrl\":\"https:\\\/\\\/www.titanlat.com\\\/site\\\/wp-content\\\/uploads\\\/2022\\\/03\\\/icone1-2.png\",\"width\":84,\"height\":66},{\"@type\":\"BreadcrumbList\",\"@id\":\"https:\\\/\\\/www.titanlat.com\\\/site\\\/imprensa\\\/#breadcrumb\",\"itemListElement\":[{\"@type\":\"ListItem\",\"position\":1,\"name\":\"In\u00edcio\",\"item\":\"https:\\\/\\\/www.titanlat.com\\\/site\\\/\"},{\"@type\":\"ListItem\",\"position\":2,\"name\":\"Imprensa\"}]},{\"@type\":\"WebSite\",\"@id\":\"https:\\\/\\\/www.titanlat.com\\\/site\\\/#website\",\"url\":\"https:\\\/\\\/www.titanlat.com\\\/site\\\/\",\"name\":\"Titan\",\"description\":\"Site\",\"publisher\":{\"@id\":\"https:\\\/\\\/www.titanlat.com\\\/site\\\/#organization\"},\"potentialAction\":[{\"@type\":\"SearchAction\",\"target\":{\"@type\":\"EntryPoint\",\"urlTemplate\":\"https:\\\/\\\/www.titanlat.com\\\/site\\\/?s={search_term_string}\"},\"query-input\":{\"@type\":\"PropertyValueSpecification\",\"valueRequired\":true,\"valueName\":\"search_term_string\"}}],\"inLanguage\":\"pt-BR\"},{\"@type\":\"Organization\",\"@id\":\"https:\\\/\\\/www.titanlat.com\\\/site\\\/#organization\",\"name\":\"Titan\",\"url\":\"https:\\\/\\\/www.titanlat.com\\\/site\\\/\",\"logo\":{\"@type\":\"ImageObject\",\"inLanguage\":\"pt-BR\",\"@id\":\"https:\\\/\\\/www.titanlat.com\\\/site\\\/#\\\/schema\\\/logo\\\/image\\\/\",\"url\":\"https:\\\/\\\/www.titanlat.com\\\/site\\\/wp-content\\\/uploads\\\/2022\\\/03\\\/Logo_Titan.png\",\"contentUrl\":\"https:\\\/\\\/www.titanlat.com\\\/site\\\/wp-content\\\/uploads\\\/2022\\\/03\\\/Logo_Titan.png\",\"width\":246,\"height\":59,\"caption\":\"Titan\"},\"image\":{\"@id\":\"https:\\\/\\\/www.titanlat.com\\\/site\\\/#\\\/schema\\\/logo\\\/image\\\/\"},\"sameAs\":[\"https:\\\/\\\/www.instagram.com\\\/titanpneus\\\/\",\"https:\\\/\\\/www.linkedin.com\\\/company\\\/titanpneus\\\/\"]}]}<\/script>\n<!-- \/ Yoast SEO plugin. -->","yoast_head_json":{"title":"Imprensa - Titan","robots":{"index":"index","follow":"follow","max-snippet":"max-snippet:-1","max-image-preview":"max-image-preview:large","max-video-preview":"max-video-preview:-1"},"canonical":"https:\/\/www.titanlat.com\/site\/imprensa\/","og_locale":"pt_BR","og_type":"article","og_title":"Imprensa - Titan","og_description":"Advice Comunica\u00e7\u00e3o Corporativa Christiane Mariotto christiane.mariotto@advicecc.com +(55) 11 99128-4092 Rural Press Bruno Santos bruno@ruralpress.com.br +(55 ) 11 98933-4915 Fa\u00e7a download dos nossos materiais oficiais Apresenta\u00e7\u00e3o Institucional DOWNLOAD Kit M\u00eddia DOWNLOAD","og_url":"https:\/\/www.titanlat.com\/site\/imprensa\/","og_site_name":"Titan","article_modified_time":"2025-02-18T13:02:13+00:00","og_image":[{"url":"https:\/\/www.titanlat.com\/site\/wp-content\/uploads\/2022\/03\/icone1-2.png","type":"","width":"","height":""}],"twitter_card":"summary_large_image","twitter_misc":{"Est. tempo de leitura":"1 minuto"},"schema":{"@context":"https:\/\/schema.org","@graph":[{"@type":"WebPage","@id":"https:\/\/www.titanlat.com\/site\/imprensa\/","url":"https:\/\/www.titanlat.com\/site\/imprensa\/","name":"Imprensa - Titan","isPartOf":{"@id":"https:\/\/www.titanlat.com\/site\/#website"},"primaryImageOfPage":{"@id":"https:\/\/www.titanlat.com\/site\/imprensa\/#primaryimage"},"image":{"@id":"https:\/\/www.titanlat.com\/site\/imprensa\/#primaryimage"},"thumbnailUrl":"https:\/\/www.titanlat.com\/site\/wp-content\/uploads\/2022\/03\/icone1-2.png","datePublished":"2022-03-28T12:49:03+00:00","dateModified":"2025-02-18T13:02:13+00:00","breadcrumb":{"@id":"https:\/\/www.titanlat.com\/site\/imprensa\/#breadcrumb"},"inLanguage":"pt-BR","potentialAction":[{"@type":"ReadAction","target":["https:\/\/www.titanlat.com\/site\/imprensa\/"]}]},{"@type":"ImageObject","inLanguage":"pt-BR","@id":"https:\/\/www.titanlat.com\/site\/imprensa\/#primaryimage","url":"https:\/\/www.titanlat.com\/site\/wp-content\/uploads\/2022\/03\/icone1-2.png","contentUrl":"https:\/\/www.titanlat.com\/site\/wp-content\/uploads\/2022\/03\/icone1-2.png","width":84,"height":66},{"@type":"BreadcrumbList","@id":"https:\/\/www.titanlat.com\/site\/imprensa\/#breadcrumb","itemListElement":[{"@type":"ListItem","position":1,"name":"In\u00edcio","item":"https:\/\/www.titanlat.com\/site\/"},{"@type":"ListItem","position":2,"name":"Imprensa"}]},{"@type":"WebSite","@id":"https:\/\/www.titanlat.com\/site\/#website","url":"https:\/\/www.titanlat.com\/site\/","name":"Titan","description":"Site","publisher":{"@id":"https:\/\/www.titanlat.com\/site\/#organization"},"potentialAction":[{"@type":"SearchAction","target":{"@type":"EntryPoint","urlTemplate":"https:\/\/www.titanlat.com\/site\/?s={search_term_string}"},"query-input":{"@type":"PropertyValueSpecification","valueRequired":true,"valueName":"search_term_string"}}],"inLanguage":"pt-BR"},{"@type":"Organization","@id":"https:\/\/www.titanlat.com\/site\/#organization","name":"Titan","url":"https:\/\/www.titanlat.com\/site\/","logo":{"@type":"ImageObject","inLanguage":"pt-BR","@id":"https:\/\/www.titanlat.com\/site\/#\/schema\/logo\/image\/","url":"https:\/\/www.titanlat.com\/site\/wp-content\/uploads\/2022\/03\/Logo_Titan.png","contentUrl":"https:\/\/www.titanlat.com\/site\/wp-content\/uploads\/2022\/03\/Logo_Titan.png","width":246,"height":59,"caption":"Titan"},"image":{"@id":"https:\/\/www.titanlat.com\/site\/#\/schema\/logo\/image\/"},"sameAs":["https:\/\/www.instagram.com\/titanpneus\/","https:\/\/www.linkedin.com\/company\/titanpneus\/"]}]}},"_links":{"self":[{"href":"https:\/\/www.titanlat.com\/site\/wp-json\/wp\/v2\/pages\/650","targetHints":{"allow":["GET"]}}],"collection":[{"href":"https:\/\/www.titanlat.com\/site\/wp-json\/wp\/v2\/pages"}],"about":[{"href":"https:\/\/www.titanlat.com\/site\/wp-json\/wp\/v2\/types\/page"}],"author":[{"embeddable":true,"href":"https:\/\/www.titanlat.com\/site\/wp-json\/wp\/v2\/users\/1"}],"replies":[{"embeddable":true,"href":"https:\/\/www.titanlat.com\/site\/wp-json\/wp\/v2\/comments?post=650"}],"version-history":[{"count":113,"href":"https:\/\/www.titanlat.com\/site\/wp-json\/wp\/v2\/pages\/650\/revisions"}],"predecessor-version":[{"id":10039,"href":"https:\/\/www.titanlat.com\/site\/wp-json\/wp\/v2\/pages\/650\/revisions\/10039"}],"wp:attachment":[{"href":"https:\/\/www.titanlat.com\/site\/wp-json\/wp\/v2\/media?parent=650"}],"curies":[{"name":"wp","href":"https:\/\/api.w.org\/{rel}","templated":true}]}}