{"id":3,"date":"2022-03-22T18:42:03","date_gmt":"2022-03-22T18:42:03","guid":{"rendered":"https:\/\/www.titanlat.com\/site\/?page_id=3"},"modified":"2024-04-29T15:53:14","modified_gmt":"2024-04-29T18:53:14","slug":"politica-de-privacidade","status":"publish","type":"page","link":"https:\/\/www.titanlat.com\/site\/politica-de-privacidade\/","title":{"rendered":"Pol\u00edtica de Privacidade"},"content":{"rendered":"\t\t<div data-elementor-type=\"wp-page\" data-elementor-id=\"3\" class=\"elementor elementor-3\" data-elementor-post-type=\"page\">\n\t\t\t\t\t\t<section class=\"elementor-section elementor-top-section elementor-element elementor-element-49c1d3e2 elementor-section-boxed elementor-section-height-default elementor-section-height-default parallax_section_no qode_elementor_container_no\" data-id=\"49c1d3e2\" data-element_type=\"section\" data-e-type=\"section\">\n\t\t\t\t\t\t<div class=\"elementor-container elementor-column-gap-default\">\n\t\t\t\t\t<div class=\"elementor-column elementor-col-100 elementor-top-column elementor-element elementor-element-1bd5d10f\" data-id=\"1bd5d10f\" data-element_type=\"column\" data-e-type=\"column\">\n\t\t\t<div class=\"elementor-widget-wrap elementor-element-populated\">\n\t\t\t\t\t\t<div class=\"elementor-element elementor-element-4e145653 elementor-widget elementor-widget-text-editor\" data-id=\"4e145653\" data-element_type=\"widget\" data-e-type=\"widget\" data-widget_type=\"text-editor.default\">\n\t\t\t\t<div class=\"elementor-widget-container\">\n\t\t\t\t\t\t\t\t\t<h1><b>POL\u00cdTICA DE PROTE\u00c7\u00c3O DE DADOS PESSOAIS<\/b><\/h1><p>Novembro\/2023<\/p><p><b>\u00a0<\/b><\/p><p><b>1) APRESENTA\u00c7\u00c3O\u00a0<\/b><\/p><p>Titan Pneus do Brasil Ltda (\u201cTitan\u201d), inscrita no CNPJ n\u00ba 11.385.941\/0001-07, \u00e9 uma empresa respons\u00e1vel pela produ\u00e7\u00e3o e comercializa\u00e7\u00e3o de pneus agr\u00edcolas, fora de estrada, caminh\u00e3o e camioneta das marcas Goodyear Farm Tires e Titan, sendo refer\u00eancia em qualidade e atendimento ao cliente.\u00a0<\/p><p>A Titan reconhece e respeita a privacidade de todos e, em atendimento \u00e0 Lei Geral de Prote\u00e7\u00e3o de Dados Pessoais \u2013 LGPD, deseja que todos se familiarizem com a maneira que coletamos, armazenamos, utilizamos e compartilhamos seus dados pessoais.\u00a0<\/p><p>\u00a0<\/p><p><b>2) APLICA\u00c7\u00c3O\u00a0<\/b><\/p><p>Esta pol\u00edtica se aplica a: clientes, fornecedores, parceiros de neg\u00f3cios, empregados, acionistas ou qualquer pessoa que interage e\/ou se relaciona com a Titan.<\/p><p>\u00a0<\/p><p><b>3) OBJETIVO\u00a0<\/b><\/p><p>Nosso objetivo com esta Pol\u00edtica de Privacidade \u00e9 estar perto do titular de dados quando o assunto \u00e9 privacidade e prote\u00e7\u00e3o de dados, dando transpar\u00eancia sobre as pr\u00e1ticas adotadas pela Titan e suas responsabilidades, sempre de acordo com a Lei Geral de Prote\u00e7\u00e3o de Dados Pessoais \u2013 Lei n\u00ba 13.709, de 14 de agosto de 2018.\u00a0<\/p><p>\u00a0<\/p><p><b>4) QUAIS DADOS COLETAMOS E PARA QUAIS FINALIDADES\u00a0<\/b><\/p><p>A Titan coleta dados pessoais de quem tem ou teve algum relacionamento ou intera\u00e7\u00e3o com a empresa.\u00a0<\/p><p>Em geral, esses dados podem ser fornecidos quando um titular dos dados entra em contato e interage com nossos canais de atendimento, por telefone, pessoalmente, e-mail, carta, site etc., quando contrata e\/ou utiliza ou algum de nossos servi\u00e7os ou quando tem interesse em trabalhar ou faz parte da nossa equipe. Podemos tamb\u00e9m coletar dados de forma indireta, por agentes externos que possuam algum relacionamento com o titular dos dados. Ainda, podemos obter dados pessoais por fontes e acessos p\u00fablicos disponibilizados por autoridades ou at\u00e9 mesmo tornados p\u00fablicos pelo titular dos dados em websites ou redes sociais.\u00a0<\/p><p>Abaixo, listamos os dados pessoais coletados nos dom\u00ednios parceiros e\/ou de dom\u00ednios de propriedade da Titan, assim como suas respectivas finalidades:<\/p><p>\u00a0<\/p><table><tbody><tr><td><p style=\"text-align: left;\"><b>Dom\u00ednio<\/b><\/p><\/td><td><p style=\"text-align: left;\"><b>Dados coletados<\/b><\/p><\/td><td><p style=\"text-align: left;\"><b>Finalidade<\/b><\/p><\/td><\/tr><tr><td><p style=\"text-align: left;\">www.titanlat.com\/<\/p><\/td><td><p style=\"text-align: left;\">Nome; E-mail; Telefone<\/p><\/td><td><p style=\"text-align: left;\">Envio de Newsletter e informativos sobre o neg\u00f3cio da Titan <br \/>Atendimento a d\u00favidas<\/p><\/td><\/tr><tr><td><p style=\"text-align: left;\">www.titanweb.titanlat.com<\/p><\/td><td><p style=\"text-align: left;\">Nome; E-mail; Telefone; CPF; RG; Cargo\/Ocupa\u00e7\u00e3o<\/p><\/td><td><p style=\"text-align: left;\">Cadastro de cliente para acesso \u00e0 pedidos realizados<\/p><\/td><\/tr><tr><td><p style=\"text-align: left;\">www.portaltitan.com.br\/<\/p><\/td><td><p style=\"text-align: left;\">Nome; E-mail; login de usu\u00e1rio<\/p><\/td><td><p style=\"text-align: left;\">Grupo Econ\u00f4mico &#8211; Cadastro para acesso ao portal<\/p><\/td><\/tr><tr><td><p style=\"text-align: left;\">www.portaltitan.com.br\/<\/p><\/td><td><p style=\"text-align: left;\">Nome; E-mail, login de usu\u00e1rio; Cargo\/Ocupa\u00e7\u00e3o; endere\u00e7o completo; telefone<\/p><\/td><td><p style=\"text-align: left;\">F0\/Revenda &#8211; Cadastro para acesso ao portal<\/p><\/td><\/tr><tr><td><p style=\"text-align: left;\">www.portaltitan.com.br\/<\/p><\/td><td><p style=\"text-align: left;\">Nome; E-mail; login de usu\u00e1rio; Cargo\/Ocupa\u00e7\u00e3o; CPF; endere\u00e7o completo; telefone fixo; telefone celular<\/p><\/td><td><p style=\"text-align: left;\">Funcion\u00e1rio de F0 &#8211; Cadastro para acesso ao portal<\/p><\/td><\/tr><tr><td><p style=\"text-align: left;\">www.portaltitan.com.br\/<\/p><\/td><td><p style=\"text-align: left;\">Nome; E-mail; login de usu\u00e1rio; Cargo\/Ocupa\u00e7\u00e3o; CPF; endere\u00e7o completo; telefone fixo; telefone celular<\/p><\/td><td><p style=\"text-align: left;\">Funcion\u00e1rio Titan &#8211; Acesso a plataforma de treinamento<br \/>Download dos materiais de marketing<\/p><\/td><\/tr><tr><td><p style=\"text-align: left;\">www.tallos.com.br<\/p><\/td><td><p style=\"text-align: left;\">Nome, E-mail; Telefone<\/p><\/td><td><p style=\"text-align: left;\">Envio de comunicados e informativos sobre o neg\u00f3cio da Titan<\/p><\/td><\/tr><tr><td><p style=\"text-align: left;\">www.diadecampo.titanlat.com\/<\/p><\/td><td><p style=\"text-align: left;\">Nome; E-mail<\/p><\/td><td><p style=\"text-align: left;\">Envio de Newsletter e informativos sobre o neg\u00f3cio da Titan\u00a0<\/p><\/td><\/tr><tr><td><p style=\"text-align: left;\">Redes sociais<\/p><p style=\"text-align: left;\">(Instagram, Facebook, Twitter e LinkedIn)<\/p><\/td><td><p style=\"text-align: left;\">Nomes dos perfis, nomes de usu\u00e1rios e imagens publicadas nas redes por parte dos usu\u00e1rios que interagem com a p\u00e1gina<\/p><\/td><td><p style=\"text-align: left;\">Realizar atendimento ao cliente<\/p><\/td><\/tr><tr><td><p style=\"text-align: left;\">http:\/\/tgp.titanlat.com\/<\/p><\/td><td><p style=\"text-align: left;\">Nome; Telefone; CPF; Endere\u00e7o Completo e e-mail<\/p><\/td><td><p style=\"text-align: left;\">Dados do Consumidor para pagamento de Garantia e\/ou Dados do Consumidor para registro de Atendimento (SAC)<\/p><\/td><\/tr><tr><td><p style=\"text-align: left;\">ERP-LX (sem Url)\u00a0<\/p><\/td><td><p style=\"text-align: left;\">Nome e RG e\/ou CPF<\/p><\/td><td><p style=\"text-align: left;\">Agendamento de Visitas e\/ou Agendamento de Motoristas que entrar\u00e3o com caminh\u00e3o na Empresa para carregar<\/p><\/td><\/tr><\/tbody><\/table><p>\u00a0<\/p><p>A Titan se preocupa com a coleta de dados pessoais sens\u00edveis e de menores de idade, cumprindo a legisla\u00e7\u00e3o vigente e garantindo a privacidade e maior n\u00edvel de prote\u00e7\u00e3o destes dados, considerando o n\u00edvel de sensibilidade que possuem.<\/p><p>Salientamos que os dados pessoais coletados e tratados pela Titan s\u00e3o dados estritamente necess\u00e1rios, adequados e proporcionais para cumprimento de suas respectivas finalidades, sem excessos. Al\u00e9m disso, realizamos o tratamento de seus dados pessoais utilizando as melhores pr\u00e1ticas e controles de Seguran\u00e7a da Informa\u00e7\u00e3o.<\/p><p>\u00a0<\/p><p><b>5) COM QUEM COMPARTILHAMOS OS DADOS PESSOAIS\u00a0<\/b><\/p><p>A Titan poder\u00e1 realizar o compartilhamento interno de dados pessoais, entre as \u00e1reas da companhia e o compartilhamento externo, com terceiros em determinadas circunst\u00e2ncias, como fornecedores, parceiros de neg\u00f3cio e prestadores de servi\u00e7o, no entanto, nestas situa\u00e7\u00f5es somos respons\u00e1veis por assegurar que o compartilhamento ocorra somente com institui\u00e7\u00f5es que tenham sido homologadas e estejam adequadas com os requisitos de seguran\u00e7a da informa\u00e7\u00e3o exigidos pela Titan.<\/p><p>\u00a0<\/p><table><tbody><tr><td><p style=\"text-align: left;\"><b>A quem compartilhamos<\/b><\/p><\/td><td><p style=\"text-align: left;\"><b>Dados compartilhados<\/b><\/p><\/td><td><p style=\"text-align: left;\"><b>Finalidade<\/b><\/p><\/td><\/tr><tr><td><p style=\"text-align: left;\">Revendedores<\/p><\/td><td><p style=\"text-align: left;\">Nome; E-mail; Telefone, Nome da empresa, Endere\u00e7o<\/p><\/td><td><p style=\"text-align: left;\">Mailing de contatos para relacionamento com clientes, ap\u00f3s de feiras e eventos<\/p><\/td><\/tr><tr><td><p style=\"text-align: left;\">Revendedores<\/p><\/td><td><p style=\"text-align: left;\">Nome; E-mail; Telefone, Nome da empresa<\/p><\/td><td><p style=\"text-align: left;\">Atendimento a solicita\u00e7\u00e3o de or\u00e7amentos recebidas em nossos canais de comunica\u00e7\u00e3o (Redes Sociais)<\/p><\/td><\/tr><\/tbody><\/table><p>\u00a0<\/p><p>Podemos tamb\u00e9m compartilhar informa\u00e7\u00f5es com autoridades, entidades governamentais objetivando a prote\u00e7\u00e3o das empresas da Titan, incluindo a\u00e7\u00f5es judiciais e processos administrativos ou ainda, mediante ordem judicial ou requerimento de autoridades que detenham compet\u00eancia legal para a sua requisi\u00e7\u00e3o.<\/p><p>\u00a0<\/p><p><b>6) TRANSFER\u00caNCIA INTERNACIONAL<\/b><\/p><p>A Titan poder\u00e1 realizar a transfer\u00eancia internacional de dados pessoais, entre as empresas do mesmo Grupo Econ\u00f4mico, sediados fora do Brasil.<\/p><p>\u00a0<\/p><p><b>7) COMO PROTEGEMOS OS DADOS PESSOAS DOS TITULARES<\/b><\/p><p>Em cada etapa do neg\u00f3cio de nossa empresa, buscamos sempre a transpar\u00eancia, integridade, sigilo e seguran\u00e7a, utilizando ferramentas e mecanismos avan\u00e7ados de seguran\u00e7a da informa\u00e7\u00e3o para proteger dados pessoais dos seus titulares.<\/p><p>Nossos processos de Seguran\u00e7a da Informa\u00e7\u00e3o s\u00e3o sustentados por pol\u00edticas, procedimentos e controles alinhados com as melhores pr\u00e1ticas e exig\u00eancias de mercado, propiciando a exist\u00eancia de um ambiente cada vez mais seguro e est\u00e1vel.\u00a0<\/p><p>Somam-se a isso, a\u00e7\u00f5es cont\u00ednuas de conscientiza\u00e7\u00e3o dos colaboradores e terceiros, em todos os n\u00edveis, sobre a import\u00e2ncia da privacidade, prote\u00e7\u00e3o e seguran\u00e7a dos dados.\u00a0<\/p><p>\u00a0<\/p><p><b>8) POR QUANTO TEMPO GUARDAMOS OS DADOS PESSOAIS\u00a0<\/b><\/p><p>Tratamos dos dados pessoais pelo tempo que durar o nosso relacionamento para com o titular dos dados pessoais, de forma que apenas os manteremos armazenados se for para cumprimento da legisla\u00e7\u00e3o vigente no pa\u00eds, como nos casos em que seja necess\u00e1rio fornecer dados \u00e0s autoridades p\u00fablicas, \u00f3rg\u00e3os reguladores, para realiza\u00e7\u00e3o de defesas em processos judiciais, sempre nos baseando nas legisla\u00e7\u00f5es vigentes.<\/p><p>Ap\u00f3s o fim do per\u00edodo de tratamento de dados pessoais, a Titan far\u00e1 a exclus\u00e3o dos dados atrav\u00e9s de t\u00e9cnicas de descarte seguro dos dados pessoais.<\/p><p>\u00a0<\/p><p><b>9) QUAIS S\u00c3O OS DIREITOS DOS TITULARES DOS DADOS\u00a0<\/b><\/p><p>O titular de dados possui direitos em rela\u00e7\u00e3o aos seus dados pessoais e a Titan respeita esses direitos, conforme determinado no artigo 18, da Lei Geral de Prote\u00e7\u00e3o de Dados Pessoais (LGPD).\u00a0<\/p><p>O titular tem direito a: confirmar a exist\u00eancia, acessar, retificar, solicitar a exclus\u00e3o de dados, transferir, limitar ou se opor ao tratamento, e retirar o consentimento (mediante requisi\u00e7\u00e3o expressa).<\/p><p>\u00a0<\/p><p><b>10) COMO O TITULAR DOS DADOS PODE ESCLARECER SUAS D\u00daVIDAS\u00a0<\/b><\/p><p>A Titan \u00e9 transparente quanto ao tratamento de dados pessoais que realiza e disponibiliza de maneira permanente, esta \u201cPol\u00edtica de Privacidade\u201d, para que qualquer pessoa possa consult\u00e1-la onde e quando quiser.<\/p><p>Em rela\u00e7\u00e3o aos direitos dos titulares dos dados pessoais, informamos que o titular de dados poder\u00e1 tirar suas d\u00favidas e fazer solicita\u00e7\u00f5es a qualquer momento, atrav\u00e9s dos nossos canais de atendimento e site: <a href=\"https:\/\/www.titanlat.com\/site\/contato\/\">https:\/\/www.titanlat.com\/site\/contato\/<\/a>.\u00a0<\/p><p>\u00a0<\/p><p><b>11) ENCARREGADO DE DADOS PESSOAIS (DPO)<\/b><\/p><p>O Encarregado de Dados Pessoais (DPO) \u00e9 o respons\u00e1vel por atender toda e qualquer solicita\u00e7\u00e3o dos titulares e da Autoridade Nacional de Prote\u00e7\u00e3o de Dados (ANPD).<\/p><p>Em caso de d\u00favida, solicita\u00e7\u00e3o ou reclama\u00e7\u00e3o referente ao tratamento de dados pessoais, favor entrar em contato com nosso\u00a0<b>Encarregado de Dados Pessoais<\/b>: Oplium\u00ae, atrav\u00e9s do e-mail:\u00a0<a href=\"mailto:dpo@titanlat.com\">dpo@titanlat.com<\/a>.<\/p><p><br \/><b>12) ATUALIZA\u00c7\u00c3O DA POL\u00cdTICA<\/b><\/p><p>Esta Pol\u00edtica de Privacidade pode ser alterada, a qualquer momento, e com efeito imediato a partir de sua publica\u00e7\u00e3o em nossos sites e aplicativos. Dessa forma, revisaremos sempre que acharmos necess\u00e1rio esclarecer e manter o p\u00fablico que se relaciona conosco atualizados sobre nossas pr\u00e1ticas de seguran\u00e7a e privacidade na Titan.\u00a0<\/p><p>Ao consentir em fornecer os seus dados pessoais \u00e0 Titan, o titular de dados aceita os termos e condi\u00e7\u00f5es desta Pol\u00edtica de Privacidade.<\/p>\t\t\t\t\t\t\t\t<\/div>\n\t\t\t\t<\/div>\n\t\t\t\t\t<\/div>\n\t\t<\/div>\n\t\t\t\t\t<\/div>\n\t\t<\/section>\n\t\t\t\t<\/div>\n\t\t","protected":false},"excerpt":{"rendered":"<p>POL\u00cdTICA DE PROTE\u00c7\u00c3O DE DADOS PESSOAIS Novembro\/2023 \u00a0 1) APRESENTA\u00c7\u00c3O\u00a0 Titan Pneus do Brasil Ltda (\u201cTitan\u201d), inscrita no CNPJ n\u00ba 11.385.941\/0001-07, \u00e9 uma empresa respons\u00e1vel pela produ\u00e7\u00e3o e comercializa\u00e7\u00e3o de pneus agr\u00edcolas, fora de estrada, caminh\u00e3o e camioneta das marcas Goodyear Farm Tires e Titan,&#8230;<\/p>\n","protected":false},"author":1,"featured_media":0,"parent":0,"menu_order":0,"comment_status":"closed","ping_status":"open","template":"","meta":{"_acf_changed":false,"footnotes":""},"class_list":["post-3","page","type-page","status-publish","hentry"],"acf":[],"yoast_head":"<!-- This site is optimized with the Yoast SEO plugin v27.3 - https:\/\/yoast.com\/product\/yoast-seo-wordpress\/ -->\n<title>Pol\u00edtica de Privacidade - Titan<\/title>\n<meta name=\"robots\" content=\"index, follow, max-snippet:-1, max-image-preview:large, max-video-preview:-1\" \/>\n<link rel=\"canonical\" href=\"https:\/\/www.titanlat.com\/site\/politica-de-privacidade\/\" \/>\n<meta property=\"og:locale\" content=\"pt_BR\" \/>\n<meta property=\"og:type\" content=\"article\" \/>\n<meta property=\"og:title\" content=\"Pol\u00edtica de Privacidade - Titan\" \/>\n<meta property=\"og:description\" content=\"POL\u00cdTICA DE PROTE\u00c7\u00c3O DE DADOS PESSOAIS Novembro\/2023 \u00a0 1) APRESENTA\u00c7\u00c3O\u00a0 Titan Pneus do Brasil Ltda (\u201cTitan\u201d), inscrita no CNPJ n\u00ba 11.385.941\/0001-07, \u00e9 uma empresa respons\u00e1vel pela produ\u00e7\u00e3o e comercializa\u00e7\u00e3o de pneus agr\u00edcolas, fora de estrada, caminh\u00e3o e camioneta das marcas Goodyear Farm Tires e Titan,...\" \/>\n<meta property=\"og:url\" content=\"https:\/\/www.titanlat.com\/site\/politica-de-privacidade\/\" \/>\n<meta property=\"og:site_name\" content=\"Titan\" \/>\n<meta property=\"article:modified_time\" content=\"2024-04-29T18:53:14+00:00\" \/>\n<meta name=\"twitter:card\" content=\"summary_large_image\" \/>\n<meta name=\"twitter:label1\" content=\"Est. tempo de leitura\" \/>\n\t<meta name=\"twitter:data1\" content=\"7 minutos\" \/>\n<script type=\"application\/ld+json\" class=\"yoast-schema-graph\">{\"@context\":\"https:\\\/\\\/schema.org\",\"@graph\":[{\"@type\":\"WebPage\",\"@id\":\"https:\\\/\\\/www.titanlat.com\\\/site\\\/politica-de-privacidade\\\/\",\"url\":\"https:\\\/\\\/www.titanlat.com\\\/site\\\/politica-de-privacidade\\\/\",\"name\":\"Pol\u00edtica de Privacidade - Titan\",\"isPartOf\":{\"@id\":\"https:\\\/\\\/www.titanlat.com\\\/site\\\/#website\"},\"datePublished\":\"2022-03-22T18:42:03+00:00\",\"dateModified\":\"2024-04-29T18:53:14+00:00\",\"breadcrumb\":{\"@id\":\"https:\\\/\\\/www.titanlat.com\\\/site\\\/politica-de-privacidade\\\/#breadcrumb\"},\"inLanguage\":\"pt-BR\",\"potentialAction\":[{\"@type\":\"ReadAction\",\"target\":[\"https:\\\/\\\/www.titanlat.com\\\/site\\\/politica-de-privacidade\\\/\"]}]},{\"@type\":\"BreadcrumbList\",\"@id\":\"https:\\\/\\\/www.titanlat.com\\\/site\\\/politica-de-privacidade\\\/#breadcrumb\",\"itemListElement\":[{\"@type\":\"ListItem\",\"position\":1,\"name\":\"In\u00edcio\",\"item\":\"https:\\\/\\\/www.titanlat.com\\\/site\\\/\"},{\"@type\":\"ListItem\",\"position\":2,\"name\":\"Pol\u00edtica de Privacidade\"}]},{\"@type\":\"WebSite\",\"@id\":\"https:\\\/\\\/www.titanlat.com\\\/site\\\/#website\",\"url\":\"https:\\\/\\\/www.titanlat.com\\\/site\\\/\",\"name\":\"Titan\",\"description\":\"Site\",\"publisher\":{\"@id\":\"https:\\\/\\\/www.titanlat.com\\\/site\\\/#organization\"},\"potentialAction\":[{\"@type\":\"SearchAction\",\"target\":{\"@type\":\"EntryPoint\",\"urlTemplate\":\"https:\\\/\\\/www.titanlat.com\\\/site\\\/?s={search_term_string}\"},\"query-input\":{\"@type\":\"PropertyValueSpecification\",\"valueRequired\":true,\"valueName\":\"search_term_string\"}}],\"inLanguage\":\"pt-BR\"},{\"@type\":\"Organization\",\"@id\":\"https:\\\/\\\/www.titanlat.com\\\/site\\\/#organization\",\"name\":\"Titan\",\"url\":\"https:\\\/\\\/www.titanlat.com\\\/site\\\/\",\"logo\":{\"@type\":\"ImageObject\",\"inLanguage\":\"pt-BR\",\"@id\":\"https:\\\/\\\/www.titanlat.com\\\/site\\\/#\\\/schema\\\/logo\\\/image\\\/\",\"url\":\"https:\\\/\\\/www.titanlat.com\\\/site\\\/wp-content\\\/uploads\\\/2022\\\/03\\\/Logo_Titan.png\",\"contentUrl\":\"https:\\\/\\\/www.titanlat.com\\\/site\\\/wp-content\\\/uploads\\\/2022\\\/03\\\/Logo_Titan.png\",\"width\":246,\"height\":59,\"caption\":\"Titan\"},\"image\":{\"@id\":\"https:\\\/\\\/www.titanlat.com\\\/site\\\/#\\\/schema\\\/logo\\\/image\\\/\"},\"sameAs\":[\"https:\\\/\\\/www.instagram.com\\\/titanpneus\\\/\",\"https:\\\/\\\/www.linkedin.com\\\/company\\\/titanpneus\\\/\"]}]}<\/script>\n<!-- \/ Yoast SEO plugin. -->","yoast_head_json":{"title":"Pol\u00edtica de Privacidade - Titan","robots":{"index":"index","follow":"follow","max-snippet":"max-snippet:-1","max-image-preview":"max-image-preview:large","max-video-preview":"max-video-preview:-1"},"canonical":"https:\/\/www.titanlat.com\/site\/politica-de-privacidade\/","og_locale":"pt_BR","og_type":"article","og_title":"Pol\u00edtica de Privacidade - Titan","og_description":"POL\u00cdTICA DE PROTE\u00c7\u00c3O DE DADOS PESSOAIS Novembro\/2023 \u00a0 1) APRESENTA\u00c7\u00c3O\u00a0 Titan Pneus do Brasil Ltda (\u201cTitan\u201d), inscrita no CNPJ n\u00ba 11.385.941\/0001-07, \u00e9 uma empresa respons\u00e1vel pela produ\u00e7\u00e3o e comercializa\u00e7\u00e3o de pneus agr\u00edcolas, fora de estrada, caminh\u00e3o e camioneta das marcas Goodyear Farm Tires e Titan,...","og_url":"https:\/\/www.titanlat.com\/site\/politica-de-privacidade\/","og_site_name":"Titan","article_modified_time":"2024-04-29T18:53:14+00:00","twitter_card":"summary_large_image","twitter_misc":{"Est. tempo de leitura":"7 minutos"},"schema":{"@context":"https:\/\/schema.org","@graph":[{"@type":"WebPage","@id":"https:\/\/www.titanlat.com\/site\/politica-de-privacidade\/","url":"https:\/\/www.titanlat.com\/site\/politica-de-privacidade\/","name":"Pol\u00edtica de Privacidade - Titan","isPartOf":{"@id":"https:\/\/www.titanlat.com\/site\/#website"},"datePublished":"2022-03-22T18:42:03+00:00","dateModified":"2024-04-29T18:53:14+00:00","breadcrumb":{"@id":"https:\/\/www.titanlat.com\/site\/politica-de-privacidade\/#breadcrumb"},"inLanguage":"pt-BR","potentialAction":[{"@type":"ReadAction","target":["https:\/\/www.titanlat.com\/site\/politica-de-privacidade\/"]}]},{"@type":"BreadcrumbList","@id":"https:\/\/www.titanlat.com\/site\/politica-de-privacidade\/#breadcrumb","itemListElement":[{"@type":"ListItem","position":1,"name":"In\u00edcio","item":"https:\/\/www.titanlat.com\/site\/"},{"@type":"ListItem","position":2,"name":"Pol\u00edtica de Privacidade"}]},{"@type":"WebSite","@id":"https:\/\/www.titanlat.com\/site\/#website","url":"https:\/\/www.titanlat.com\/site\/","name":"Titan","description":"Site","publisher":{"@id":"https:\/\/www.titanlat.com\/site\/#organization"},"potentialAction":[{"@type":"SearchAction","target":{"@type":"EntryPoint","urlTemplate":"https:\/\/www.titanlat.com\/site\/?s={search_term_string}"},"query-input":{"@type":"PropertyValueSpecification","valueRequired":true,"valueName":"search_term_string"}}],"inLanguage":"pt-BR"},{"@type":"Organization","@id":"https:\/\/www.titanlat.com\/site\/#organization","name":"Titan","url":"https:\/\/www.titanlat.com\/site\/","logo":{"@type":"ImageObject","inLanguage":"pt-BR","@id":"https:\/\/www.titanlat.com\/site\/#\/schema\/logo\/image\/","url":"https:\/\/www.titanlat.com\/site\/wp-content\/uploads\/2022\/03\/Logo_Titan.png","contentUrl":"https:\/\/www.titanlat.com\/site\/wp-content\/uploads\/2022\/03\/Logo_Titan.png","width":246,"height":59,"caption":"Titan"},"image":{"@id":"https:\/\/www.titanlat.com\/site\/#\/schema\/logo\/image\/"},"sameAs":["https:\/\/www.instagram.com\/titanpneus\/","https:\/\/www.linkedin.com\/company\/titanpneus\/"]}]}},"_links":{"self":[{"href":"https:\/\/www.titanlat.com\/site\/wp-json\/wp\/v2\/pages\/3","targetHints":{"allow":["GET"]}}],"collection":[{"href":"https:\/\/www.titanlat.com\/site\/wp-json\/wp\/v2\/pages"}],"about":[{"href":"https:\/\/www.titanlat.com\/site\/wp-json\/wp\/v2\/types\/page"}],"author":[{"embeddable":true,"href":"https:\/\/www.titanlat.com\/site\/wp-json\/wp\/v2\/users\/1"}],"replies":[{"embeddable":true,"href":"https:\/\/www.titanlat.com\/site\/wp-json\/wp\/v2\/comments?post=3"}],"version-history":[{"count":46,"href":"https:\/\/www.titanlat.com\/site\/wp-json\/wp\/v2\/pages\/3\/revisions"}],"predecessor-version":[{"id":8053,"href":"https:\/\/www.titanlat.com\/site\/wp-json\/wp\/v2\/pages\/3\/revisions\/8053"}],"wp:attachment":[{"href":"https:\/\/www.titanlat.com\/site\/wp-json\/wp\/v2\/media?parent=3"}],"curies":[{"name":"wp","href":"https:\/\/api.w.org\/{rel}","templated":true}]}}