{"id":11,"date":"2022-03-22T19:59:08","date_gmt":"2022-03-22T19:59:08","guid":{"rendered":"https:\/\/www.titanlat.com\/site\/?page_id=11"},"modified":"2026-02-05T17:41:53","modified_gmt":"2026-02-05T20:41:53","slug":"onde-encontrar","status":"publish","type":"page","link":"https:\/\/www.titanlat.com\/site\/onde-encontrar\/","title":{"rendered":"Onde Encontrar"},"content":{"rendered":"\t\t<div data-elementor-type=\"wp-page\" data-elementor-id=\"11\" class=\"elementor elementor-11\" data-elementor-post-type=\"page\">\n\t\t\t\t<div class=\"elementor-element elementor-element-6f4ae08 e-con-full e-flex parallax_section_no qode_elementor_container_no e-con e-parent\" data-id=\"6f4ae08\" data-element_type=\"container\" data-e-type=\"container\" data-settings=\"{&quot;background_background&quot;:&quot;classic&quot;}\">\n\t\t\t\t<div class=\"elementor-element elementor-element-ea86b01 elementor-hidden-desktop elementor-hidden-laptop elementor-hidden-tablet elementor-widget elementor-widget-image\" data-id=\"ea86b01\" data-element_type=\"widget\" data-e-type=\"widget\" data-widget_type=\"image.default\">\n\t\t\t\t<div class=\"elementor-widget-container\">\n\t\t\t\t\t\t\t\t\t\t\t\t\t\t\t<img fetchpriority=\"high\" decoding=\"async\" width=\"1920\" height=\"842\" src=\"https:\/\/www.titanlat.com\/site\/wp-content\/uploads\/2024\/05\/banner-site-titan-novos-04.jpg\" class=\"attachment-large size-large wp-image-8089\" alt=\"\" srcset=\"https:\/\/www.titanlat.com\/site\/wp-content\/uploads\/2024\/05\/banner-site-titan-novos-04.jpg 1920w, https:\/\/www.titanlat.com\/site\/wp-content\/uploads\/2024\/05\/banner-site-titan-novos-04-300x132.jpg 300w, https:\/\/www.titanlat.com\/site\/wp-content\/uploads\/2024\/05\/banner-site-titan-novos-04-768x337.jpg 768w, https:\/\/www.titanlat.com\/site\/wp-content\/uploads\/2024\/05\/banner-site-titan-novos-04-1536x674.jpg 1536w, https:\/\/www.titanlat.com\/site\/wp-content\/uploads\/2024\/05\/banner-site-titan-novos-04-700x307.jpg 700w\" sizes=\"(max-width: 1920px) 100vw, 1920px\" \/>\t\t\t\t\t\t\t\t\t\t\t\t\t\t\t<\/div>\n\t\t\t\t<\/div>\n\t\t\t\t<\/div>\n\t\t<div class=\"elementor-element elementor-element-a389d34 e-con-full e-flex parallax_section_no qode_elementor_container_no e-con e-parent\" data-id=\"a389d34\" data-element_type=\"container\" data-e-type=\"container\">\n\t\t\t\t<div class=\"elementor-element elementor-element-8bf0d58 elementor-widget elementor-widget-shortcode\" data-id=\"8bf0d58\" data-element_type=\"widget\" data-e-type=\"widget\" data-widget_type=\"shortcode.default\">\n\t\t\t\t<div class=\"elementor-widget-container\">\n\t\t\t\t\t\t\t<div class=\"elementor-shortcode\">        <div class=\"titan-dealers-container\">\r\n            <div class=\"dealers-header\">\r\n                <h2>Revendedores Titan perto de voc\u00ea<\/h2>\r\n                <p class=\"dealers-description\">Digite seu CEP para encontrar o revendedor Titan mais pr\u00f3ximo.<\/p>\r\n            <\/div>\r\n            \r\n            <div class=\"dealers-search-form\">\r\n                <form id=\"dealers-search-form\">\r\n                    <div class=\"search-input-group\">\r\n                        <input type=\"text\" \r\n                               id=\"location-input\" \r\n                               name=\"location\" \r\n                               placeholder=\"Digite seu CEP\"\r\n                               maxlength=\"9\"\r\n                               pattern=\"[0-9]{5}-[0-9]{3}\"\r\n                               required>\r\n                        <button type=\"submit\" class=\"search-btn\">\r\n                            <i class=\"fas fa-search\"><\/i>\r\n                            Buscar                        <\/button>\r\n                        \r\n                        <div class=\"location-options\">\r\n                            <button type=\"button\" id=\"use-current-location\" class=\"location-btn\">\r\n                                <i class=\"fas fa-map-marker-alt\"><\/i>\r\n                                USAR MINHA LOCALIZA\u00c7\u00c3O ATUAL                            <\/button>\r\n                        <\/div>\r\n                    <\/div>\r\n                <\/form>\r\n            <\/div>\r\n            \r\n            <div class=\"dealers-filters\" style=\"display: none;\">\r\n                <div class=\"filter-group\">\r\n                    <label>Proximidade:<\/label>\r\n                    <select id=\"proximity-filter\">\r\n                        <option value=\"10\">10 Km<\/option>\r\n                        <option value=\"25\">25 Km<\/option>\r\n                        <option value=\"50\" selected>50 Km<\/option>\r\n                    <\/select>\r\n                <\/div>\r\n                \r\n                <div class=\"filter-group\">\r\n                    <label>Ordenar por:<\/label>\r\n                    <select id=\"sort-filter\">\r\n                        <option value=\"distance\" selected>Loja mais pr\u00f3xima<\/option>\r\n                        <option value=\"name\">Nome da loja<\/option>\r\n                    <\/select>\r\n                <\/div>\r\n                \r\n                <div class=\"filter-group\">\r\n                    <label>Quantidade de revendas:<\/label>\r\n                    <select id=\"quantity-filter\">\r\n                        <option value=\"10\" selected>10<\/option>\r\n                        <option value=\"25\">25<\/option>\r\n                        <option value=\"50\" >50<\/option>\r\n                        <option value=\"all\">Todas<\/option>\r\n                    <\/select>\r\n                <\/div>\r\n                \r\n            <\/div>\r\n            \r\n            <div class=\"dealers-results\">\r\n                <div id=\"dealers-loading\" class=\"loading\" style=\"display: none;\">\r\n                    <i class=\"fas fa-spinner fa-spin\"><\/i>\r\n                    <div>Buscando revendedores...<\/div>\r\n                <\/div>\r\n                \r\n                <div id=\"dealers-error\" class=\"error-message\" style=\"display: none;\">\r\n                    <i class=\"fas fa-exclamation-triangle\"><\/i>\r\n                    <span class=\"error-text\"><\/span>\r\n                <\/div>\r\n                \r\n                <div id=\"dealers-results-container\" class=\"dealers-results-container\" style=\"display: none;\">\r\n                    <!-- Coluna esquerda - Lista de revendedores -->\r\n                    <div class=\"dealers-list-container\">\r\n                        <div class=\"dealers-list-header\">\r\n                            <h3><span id=\"dealers-count\" class=\"dealers-count\">0<\/span> Revedendores pr\u00f3ximos<\/h3>\r\n                        <\/div>\r\n                        <div id=\"dealers-list\" class=\"dealers-list\">\r\n                            <div class=\"initial-state\">\r\n                                <i class=\"fas fa-search\"><\/i>\r\n                                <h4>Digite uma localiza\u00e7\u00e3o para encontrar o distribuidor mais pr\u00f3ximo<\/h4>\r\n                                <p>Use o formul\u00e1rio acima para encontrar revendedores Titan pr\u00f3ximos a voc\u00ea.<\/p>\r\n                            <\/div>\r\n                        <\/div>\r\n                    <\/div>\r\n                    \r\n                    <!-- Coluna direita - Mapa -->\r\n                    <div class=\"dealers-map-container\">\r\n                        <div id=\"dealers-map\" class=\"dealers-map\">\r\n                            <div class=\"map-placeholder\">\r\n                                <i class=\"fas fa-map\"><\/i>\r\n                                <h4>Mapa ser\u00e1 carregado aqui<\/h4>\r\n                                <p>Ap\u00f3s buscar revendedores, o mapa ser\u00e1 exibido com as localiza\u00e7\u00f5es.<\/p>\r\n                            <\/div>\r\n                        <\/div>\r\n                    <\/div>\r\n                <\/div>\r\n            <\/div>\r\n        <\/div>\r\n        \r\n        <script type=\"text\/javascript\">\r\n        var titan_config = {\r\n            api_url: \"https:\/\/app.portaltitan.com.br\/api\",\r\n            texts: {\r\n                inputPlaceholder: \"Digite seu CEP\",\r\n                searchButtonText: \"Buscar\",\r\n                locationButtonText: \"USAR MINHA LOCALIZA\u00c7\u00c3O ATUAL\",\r\n                directionsButtonText: \"Como chegar\",\r\n                callButtonText: \"Ligar\",\r\n                resultsHeaderText: \"Revedendores pr\u00f3ximos\",\r\n                loadingText: \"Buscando revendedores...\",\r\n                initialStateTitle: \"Digite uma localiza\u00e7\u00e3o para encontrar o distribuidor mais pr\u00f3ximo\",\r\n                initialStateDescription: \"Use o formul\u00e1rio acima para encontrar revendedores Titan pr\u00f3ximos a voc\u00ea.\",\r\n                obtainingLocationText: \"Obtendo localiza\u00e7\u00e3o...\",\r\n                noResultsTitle: \"Nenhum distribuidor encontrado\",\r\n                noResultsDescription: \"Tente ampliar o raio de busca ou usar uma localiza\u00e7\u00e3o diferente.\",\r\n                mapNotAvailableText: \"Azure Maps n\u00e3o est\u00e1 dispon\u00edvel. Ative a visualiza\u00e7\u00e3o em lista.\",\r\n                invalidCepMessage: \"Por favor, digite um CEP v\u00e1lido.\",\r\n                invalidCepFormatMessage: \"Por favor, digite um CEP v\u00e1lido no formato 00000-000.\",\r\n                geolocationNotSupportedMessage: \"Geolocaliza\u00e7\u00e3o n\u00e3o \u00e9 suportada por este navegador.\",\r\n                connectionErrorMessage: \"Erro de conex\u00e3o. Tente novamente.\",\r\n                searchErrorPrefix: \"Erro ao buscar distribuidores: \"\r\n            }\r\n        };\r\n        <\/script>\r\n        \r\n        <\/div>\n\t\t\t\t\t\t<\/div>\n\t\t\t\t<\/div>\n\t\t\t\t<\/div>\n\t\t\t\t<\/div>\n\t\t","protected":false},"excerpt":{"rendered":"","protected":false},"author":1,"featured_media":0,"parent":0,"menu_order":0,"comment_status":"closed","ping_status":"open","template":"elementor_header_footer","meta":{"_acf_changed":false,"footnotes":""},"class_list":["post-11","page","type-page","status-publish","hentry"],"acf":[],"yoast_head":"<!-- This site is optimized with the Yoast SEO plugin v27.5 - https:\/\/yoast.com\/product\/yoast-seo-wordpress\/ -->\n<title>Onde Encontrar - Titan<\/title>\n<meta name=\"robots\" content=\"index, follow, max-snippet:-1, max-image-preview:large, max-video-preview:-1\" \/>\n<link rel=\"canonical\" href=\"https:\/\/www.titanlat.com\/site\/onde-encontrar\/\" \/>\n<meta property=\"og:locale\" content=\"pt_BR\" \/>\n<meta property=\"og:type\" content=\"article\" \/>\n<meta property=\"og:title\" content=\"Onde Encontrar - Titan\" \/>\n<meta property=\"og:url\" content=\"https:\/\/www.titanlat.com\/site\/onde-encontrar\/\" \/>\n<meta property=\"og:site_name\" content=\"Titan\" \/>\n<meta property=\"article:modified_time\" content=\"2026-02-05T20:41:53+00:00\" \/>\n<meta property=\"og:image\" content=\"https:\/\/www.titanlat.com\/site\/wp-content\/uploads\/2024\/05\/banner-site-titan-novos-04.jpg\" \/>\n\t<meta property=\"og:image:width\" content=\"1920\" \/>\n\t<meta property=\"og:image:height\" content=\"842\" \/>\n\t<meta property=\"og:image:type\" content=\"image\/jpeg\" \/>\n<meta name=\"twitter:card\" content=\"summary_large_image\" \/>\n<meta name=\"twitter:label1\" content=\"Est. tempo de leitura\" \/>\n\t<meta name=\"twitter:data1\" content=\"1 minuto\" \/>\n<script type=\"application\/ld+json\" class=\"yoast-schema-graph\">{\"@context\":\"https:\\\/\\\/schema.org\",\"@graph\":[{\"@type\":\"WebPage\",\"@id\":\"https:\\\/\\\/www.titanlat.com\\\/site\\\/onde-encontrar\\\/\",\"url\":\"https:\\\/\\\/www.titanlat.com\\\/site\\\/onde-encontrar\\\/\",\"name\":\"Onde Encontrar - Titan\",\"isPartOf\":{\"@id\":\"https:\\\/\\\/www.titanlat.com\\\/site\\\/#website\"},\"primaryImageOfPage\":{\"@id\":\"https:\\\/\\\/www.titanlat.com\\\/site\\\/onde-encontrar\\\/#primaryimage\"},\"image\":{\"@id\":\"https:\\\/\\\/www.titanlat.com\\\/site\\\/onde-encontrar\\\/#primaryimage\"},\"thumbnailUrl\":\"https:\\\/\\\/www.titanlat.com\\\/site\\\/wp-content\\\/uploads\\\/2024\\\/05\\\/banner-site-titan-novos-04.jpg\",\"datePublished\":\"2022-03-22T19:59:08+00:00\",\"dateModified\":\"2026-02-05T20:41:53+00:00\",\"breadcrumb\":{\"@id\":\"https:\\\/\\\/www.titanlat.com\\\/site\\\/onde-encontrar\\\/#breadcrumb\"},\"inLanguage\":\"pt-BR\",\"potentialAction\":[{\"@type\":\"ReadAction\",\"target\":[\"https:\\\/\\\/www.titanlat.com\\\/site\\\/onde-encontrar\\\/\"]}]},{\"@type\":\"ImageObject\",\"inLanguage\":\"pt-BR\",\"@id\":\"https:\\\/\\\/www.titanlat.com\\\/site\\\/onde-encontrar\\\/#primaryimage\",\"url\":\"https:\\\/\\\/www.titanlat.com\\\/site\\\/wp-content\\\/uploads\\\/2024\\\/05\\\/banner-site-titan-novos-04.jpg\",\"contentUrl\":\"https:\\\/\\\/www.titanlat.com\\\/site\\\/wp-content\\\/uploads\\\/2024\\\/05\\\/banner-site-titan-novos-04.jpg\",\"width\":1920,\"height\":842},{\"@type\":\"BreadcrumbList\",\"@id\":\"https:\\\/\\\/www.titanlat.com\\\/site\\\/onde-encontrar\\\/#breadcrumb\",\"itemListElement\":[{\"@type\":\"ListItem\",\"position\":1,\"name\":\"In\u00edcio\",\"item\":\"https:\\\/\\\/www.titanlat.com\\\/site\\\/\"},{\"@type\":\"ListItem\",\"position\":2,\"name\":\"Onde Encontrar\"}]},{\"@type\":\"WebSite\",\"@id\":\"https:\\\/\\\/www.titanlat.com\\\/site\\\/#website\",\"url\":\"https:\\\/\\\/www.titanlat.com\\\/site\\\/\",\"name\":\"Titan\",\"description\":\"Site\",\"publisher\":{\"@id\":\"https:\\\/\\\/www.titanlat.com\\\/site\\\/#organization\"},\"potentialAction\":[{\"@type\":\"SearchAction\",\"target\":{\"@type\":\"EntryPoint\",\"urlTemplate\":\"https:\\\/\\\/www.titanlat.com\\\/site\\\/?s={search_term_string}\"},\"query-input\":{\"@type\":\"PropertyValueSpecification\",\"valueRequired\":true,\"valueName\":\"search_term_string\"}}],\"inLanguage\":\"pt-BR\"},{\"@type\":\"Organization\",\"@id\":\"https:\\\/\\\/www.titanlat.com\\\/site\\\/#organization\",\"name\":\"Titan\",\"url\":\"https:\\\/\\\/www.titanlat.com\\\/site\\\/\",\"logo\":{\"@type\":\"ImageObject\",\"inLanguage\":\"pt-BR\",\"@id\":\"https:\\\/\\\/www.titanlat.com\\\/site\\\/#\\\/schema\\\/logo\\\/image\\\/\",\"url\":\"https:\\\/\\\/www.titanlat.com\\\/site\\\/wp-content\\\/uploads\\\/2022\\\/03\\\/Logo_Titan.png\",\"contentUrl\":\"https:\\\/\\\/www.titanlat.com\\\/site\\\/wp-content\\\/uploads\\\/2022\\\/03\\\/Logo_Titan.png\",\"width\":246,\"height\":59,\"caption\":\"Titan\"},\"image\":{\"@id\":\"https:\\\/\\\/www.titanlat.com\\\/site\\\/#\\\/schema\\\/logo\\\/image\\\/\"},\"sameAs\":[\"https:\\\/\\\/www.instagram.com\\\/titanpneus\\\/\",\"https:\\\/\\\/www.linkedin.com\\\/company\\\/titanpneus\\\/\"]}]}<\/script>\n<!-- \/ Yoast SEO plugin. -->","yoast_head_json":{"title":"Onde Encontrar - Titan","robots":{"index":"index","follow":"follow","max-snippet":"max-snippet:-1","max-image-preview":"max-image-preview:large","max-video-preview":"max-video-preview:-1"},"canonical":"https:\/\/www.titanlat.com\/site\/onde-encontrar\/","og_locale":"pt_BR","og_type":"article","og_title":"Onde Encontrar - Titan","og_url":"https:\/\/www.titanlat.com\/site\/onde-encontrar\/","og_site_name":"Titan","article_modified_time":"2026-02-05T20:41:53+00:00","og_image":[{"width":1920,"height":842,"url":"https:\/\/www.titanlat.com\/site\/wp-content\/uploads\/2024\/05\/banner-site-titan-novos-04.jpg","type":"image\/jpeg"}],"twitter_card":"summary_large_image","twitter_misc":{"Est. tempo de leitura":"1 minuto"},"schema":{"@context":"https:\/\/schema.org","@graph":[{"@type":"WebPage","@id":"https:\/\/www.titanlat.com\/site\/onde-encontrar\/","url":"https:\/\/www.titanlat.com\/site\/onde-encontrar\/","name":"Onde Encontrar - Titan","isPartOf":{"@id":"https:\/\/www.titanlat.com\/site\/#website"},"primaryImageOfPage":{"@id":"https:\/\/www.titanlat.com\/site\/onde-encontrar\/#primaryimage"},"image":{"@id":"https:\/\/www.titanlat.com\/site\/onde-encontrar\/#primaryimage"},"thumbnailUrl":"https:\/\/www.titanlat.com\/site\/wp-content\/uploads\/2024\/05\/banner-site-titan-novos-04.jpg","datePublished":"2022-03-22T19:59:08+00:00","dateModified":"2026-02-05T20:41:53+00:00","breadcrumb":{"@id":"https:\/\/www.titanlat.com\/site\/onde-encontrar\/#breadcrumb"},"inLanguage":"pt-BR","potentialAction":[{"@type":"ReadAction","target":["https:\/\/www.titanlat.com\/site\/onde-encontrar\/"]}]},{"@type":"ImageObject","inLanguage":"pt-BR","@id":"https:\/\/www.titanlat.com\/site\/onde-encontrar\/#primaryimage","url":"https:\/\/www.titanlat.com\/site\/wp-content\/uploads\/2024\/05\/banner-site-titan-novos-04.jpg","contentUrl":"https:\/\/www.titanlat.com\/site\/wp-content\/uploads\/2024\/05\/banner-site-titan-novos-04.jpg","width":1920,"height":842},{"@type":"BreadcrumbList","@id":"https:\/\/www.titanlat.com\/site\/onde-encontrar\/#breadcrumb","itemListElement":[{"@type":"ListItem","position":1,"name":"In\u00edcio","item":"https:\/\/www.titanlat.com\/site\/"},{"@type":"ListItem","position":2,"name":"Onde Encontrar"}]},{"@type":"WebSite","@id":"https:\/\/www.titanlat.com\/site\/#website","url":"https:\/\/www.titanlat.com\/site\/","name":"Titan","description":"Site","publisher":{"@id":"https:\/\/www.titanlat.com\/site\/#organization"},"potentialAction":[{"@type":"SearchAction","target":{"@type":"EntryPoint","urlTemplate":"https:\/\/www.titanlat.com\/site\/?s={search_term_string}"},"query-input":{"@type":"PropertyValueSpecification","valueRequired":true,"valueName":"search_term_string"}}],"inLanguage":"pt-BR"},{"@type":"Organization","@id":"https:\/\/www.titanlat.com\/site\/#organization","name":"Titan","url":"https:\/\/www.titanlat.com\/site\/","logo":{"@type":"ImageObject","inLanguage":"pt-BR","@id":"https:\/\/www.titanlat.com\/site\/#\/schema\/logo\/image\/","url":"https:\/\/www.titanlat.com\/site\/wp-content\/uploads\/2022\/03\/Logo_Titan.png","contentUrl":"https:\/\/www.titanlat.com\/site\/wp-content\/uploads\/2022\/03\/Logo_Titan.png","width":246,"height":59,"caption":"Titan"},"image":{"@id":"https:\/\/www.titanlat.com\/site\/#\/schema\/logo\/image\/"},"sameAs":["https:\/\/www.instagram.com\/titanpneus\/","https:\/\/www.linkedin.com\/company\/titanpneus\/"]}]}},"_links":{"self":[{"href":"https:\/\/www.titanlat.com\/site\/wp-json\/wp\/v2\/pages\/11","targetHints":{"allow":["GET"]}}],"collection":[{"href":"https:\/\/www.titanlat.com\/site\/wp-json\/wp\/v2\/pages"}],"about":[{"href":"https:\/\/www.titanlat.com\/site\/wp-json\/wp\/v2\/types\/page"}],"author":[{"embeddable":true,"href":"https:\/\/www.titanlat.com\/site\/wp-json\/wp\/v2\/users\/1"}],"replies":[{"embeddable":true,"href":"https:\/\/www.titanlat.com\/site\/wp-json\/wp\/v2\/comments?post=11"}],"version-history":[{"count":150,"href":"https:\/\/www.titanlat.com\/site\/wp-json\/wp\/v2\/pages\/11\/revisions"}],"predecessor-version":[{"id":12506,"href":"https:\/\/www.titanlat.com\/site\/wp-json\/wp\/v2\/pages\/11\/revisions\/12506"}],"wp:attachment":[{"href":"https:\/\/www.titanlat.com\/site\/wp-json\/wp\/v2\/media?parent=11"}],"curies":[{"name":"wp","href":"https:\/\/api.w.org\/{rel}","templated":true}]}}