{"id":10,"date":"2022-03-22T19:58:55","date_gmt":"2022-03-22T19:58:55","guid":{"rendered":"https:\/\/www.titanlat.com\/site\/?page_id=10"},"modified":"2026-04-02T15:53:20","modified_gmt":"2026-04-02T18:53:20","slug":"contato","status":"publish","type":"page","link":"https:\/\/www.titanlat.com\/site\/contato\/","title":{"rendered":"Contato"},"content":{"rendered":"\t\t<div data-elementor-type=\"wp-page\" data-elementor-id=\"10\" class=\"elementor elementor-10\" data-elementor-post-type=\"page\">\n\t\t\t\t<div class=\"elementor-element elementor-element-dcf683d e-con-full e-flex parallax_section_no qode_elementor_container_no e-con e-parent\" data-id=\"dcf683d\" data-element_type=\"container\" data-e-type=\"container\" data-settings=\"{&quot;background_background&quot;:&quot;classic&quot;}\">\n\t\t\t\t<div class=\"elementor-element elementor-element-1db7bcd elementor-widget elementor-widget-slider_revolution\" data-id=\"1db7bcd\" data-element_type=\"widget\" data-e-type=\"widget\" data-widget_type=\"slider_revolution.default\">\n\t\t\t\t<div class=\"elementor-widget-container\">\n\t\t\t\t\t\n\t\t<div class=\"wp-block-themepunch-revslider\">\n\t\t\t<!-- START Canais de Atendimento1 REVOLUTION SLIDER 6.7.38 --><p class=\"rs-p-wp-fix\"><\/p>\n\t\t\t<rs-module-wrap id=\"rev_slider_29_1_wrapper\" data-source=\"gallery\" style=\"visibility:hidden;background:transparent;padding:0;margin:0px auto;margin-top:0;margin-bottom:0;\">\n\t\t\t\t<rs-module id=\"rev_slider_29_1\" style=\"\" data-version=\"6.7.38\">\n\t\t\t\t\t<rs-slides style=\"overflow: hidden; position: absolute;\">\n\t\t\t\t\t\t<rs-slide style=\"position: absolute;\" data-key=\"rs-74\" data-title=\"Slide\" data-in=\"o:0;\" data-out=\"a:false;\">\n\t\t\t\t\t\t\t<img fetchpriority=\"high\" decoding=\"async\" src=\"\/\/www.titanlat.com\/site\/wp-content\/plugins\/revslider\/sr6\/assets\/assets\/dummy.png\" alt=\"\" title=\"banner-site-titan-novos-08-sac\" width=\"1920\" height=\"842\" class=\"rev-slidebg tp-rs-img rs-lazyload\" data-lazyload=\"\/\/www.titanlat.com\/site\/wp-content\/uploads\/2026\/02\/banner-site-titan-novos-08-sac.png\" data-bg=\"p:center bottom;\" data-no-retina>\n<!--\n\t\t\t\t\t\t\t--><rs-layer\n\t\t\t\t\t\t\t\tid=\"slider-29-slide-74-layer-0\" \n\t\t\t\t\t\t\t\tdata-type=\"image\"\n\t\t\t\t\t\t\t\tdata-rsp_ch=\"on\"\n\t\t\t\t\t\t\t\tdata-xy=\"xo:30px,30px,15px,35px;y:m;yo:0,0,0,-16px;\"\n\t\t\t\t\t\t\t\tdata-text=\"w:normal;s:20,20,10,11;l:0,0,13,14;\"\n\t\t\t\t\t\t\t\tdata-dim=\"w:157px,157px,86px,208px;h:70px,70px,38px,93px;\"\n\t\t\t\t\t\t\t\tdata-frame_999=\"o:0;st:w;\"\n\t\t\t\t\t\t\t\tstyle=\"z-index:5;\"\n\t\t\t\t\t\t\t><img decoding=\"async\" src=\"\/\/www.titanlat.com\/site\/wp-content\/plugins\/revslider\/sr6\/assets\/assets\/dummy.png\" alt=\"\" class=\"tp-rs-img rs-lazyload\" width=\"157\" height=\"70\" data-lazyload=\"\/\/www.titanlat.com\/site\/wp-content\/uploads\/2022\/03\/1-titulo_banner (4).png\" data-no-retina> \n\t\t\t\t\t\t\t<\/rs-layer><!--\n-->\t\t\t\t\t<\/rs-slide>\n\t\t\t\t\t<\/rs-slides>\n\t\t\t\t<\/rs-module>\n\t\t\t\t<script>\n\t\t\t\t\tsetREVStartSize({c: 'rev_slider_29_1',rl:[1240,1240,778,480],el:[700,700,960,720],gw:[1400,1400,778,885],gh:[700,700,960,720],type:'standard',justify:'',layout:'fullwidth',mh:\"0\"});if (window.RS_MODULES!==undefined && window.RS_MODULES.modules!==undefined && window.RS_MODULES.modules[\"revslider291\"]!==undefined) {window.RS_MODULES.modules[\"revslider291\"].once = false;window.revapi29 = undefined;if (window.RS_MODULES.checkMinimal!==undefined) window.RS_MODULES.checkMinimal()}\n\t\t\t\t<\/script>\n\t\t\t<\/rs-module-wrap>\n\t\t\t<!-- END REVOLUTION SLIDER -->\n<\/div>\n\n\t\t\t\t\t\t<\/div>\n\t\t\t\t<\/div>\n\t\t\t\t<\/div>\n\t\t<div class=\"elementor-element elementor-element-9f98f9f e-flex e-con-boxed parallax_section_no qode_elementor_container_no e-con e-parent\" data-id=\"9f98f9f\" data-element_type=\"container\" data-e-type=\"container\" data-settings=\"{&quot;background_background&quot;:&quot;classic&quot;}\">\n\t\t\t\t\t<div class=\"e-con-inner\">\n\t\t<div class=\"elementor-element elementor-element-23c58b1 e-con-full e-flex parallax_section_no qode_elementor_container_no e-con e-child\" data-id=\"23c58b1\" data-element_type=\"container\" data-e-type=\"container\">\n\t\t\t\t<div class=\"elementor-element elementor-element-832fcbd elementor-widget elementor-widget-heading\" data-id=\"832fcbd\" data-element_type=\"widget\" data-e-type=\"widget\" data-widget_type=\"heading.default\">\n\t\t\t\t<div class=\"elementor-widget-container\">\n\t\t\t\t\t<h2 class=\"elementor-heading-title elementor-size-default\">Fale com a nossa equipe<\/h2>\t\t\t\t<\/div>\n\t\t\t\t<\/div>\n\t\t\t\t<div class=\"elementor-element elementor-element-c96b974 elementor-widget elementor-widget-text-editor\" data-id=\"c96b974\" data-element_type=\"widget\" data-e-type=\"widget\" data-widget_type=\"text-editor.default\">\n\t\t\t\t<div class=\"elementor-widget-container\">\n\t\t\t\t\t\t\t\t\t<p>Estamos aqui para ajud\u00e1-lo(a) no que for preciso<\/p>\t\t\t\t\t\t\t\t<\/div>\n\t\t\t\t<\/div>\n\t\t<div class=\"elementor-element elementor-element-bd8acb9 e-con-full e-flex parallax_section_no qode_elementor_container_no e-con e-child\" data-id=\"bd8acb9\" data-element_type=\"container\" data-e-type=\"container\">\n\t\t<div class=\"elementor-element elementor-element-4cb2dae e-con-full e-flex parallax_section_no qode_elementor_container_no e-con e-child\" data-id=\"4cb2dae\" data-element_type=\"container\" data-e-type=\"container\">\n\t\t\t\t<div class=\"elementor-element elementor-element-429a993 elementor-position-left animated-fast elementor-vertical-align-top elementor-invisible elementor-widget elementor-widget-image-box\" data-id=\"429a993\" data-element_type=\"widget\" data-e-type=\"widget\" data-settings=\"{&quot;_animation&quot;:&quot;slideInUp&quot;}\" data-widget_type=\"image-box.default\">\n\t\t\t\t<div class=\"elementor-widget-container\">\n\t\t\t\t\t<div class=\"elementor-image-box-wrapper\"><figure class=\"elementor-image-box-img\"><img decoding=\"async\" width=\"72\" height=\"69\" src=\"https:\/\/www.titanlat.com\/site\/wp-content\/uploads\/2022\/03\/icone1-1.png\" class=\"attachment-full size-full wp-image-628\" alt=\"\" \/><\/figure><div class=\"elementor-image-box-content\"><h2 class=\"elementor-image-box-title\">TITAN BRASIL<\/h2><p class=\"elementor-image-box-description\">Rua dos Prazeres, 106. <BR>\nS\u00e3o Paulo \u2013 SP.\n<\/p><\/div><\/div>\t\t\t\t<\/div>\n\t\t\t\t<\/div>\n\t\t\t\t<div class=\"elementor-element elementor-element-a6c5327 elementor-position-left elementor-vertical-align-middle animated-fast elementor-invisible elementor-widget elementor-widget-image-box\" data-id=\"a6c5327\" data-element_type=\"widget\" data-e-type=\"widget\" data-settings=\"{&quot;_animation&quot;:&quot;slideInUp&quot;}\" data-widget_type=\"image-box.default\">\n\t\t\t\t<div class=\"elementor-widget-container\">\n\t\t\t\t\t<div class=\"elementor-image-box-wrapper\"><figure class=\"elementor-image-box-img\"><img loading=\"lazy\" decoding=\"async\" width=\"72\" height=\"69\" src=\"https:\/\/www.titanlat.com\/site\/wp-content\/uploads\/2022\/03\/icone2-1.png\" class=\"attachment-full size-full wp-image-627\" alt=\"\" \/><\/figure><div class=\"elementor-image-box-content\"><p class=\"elementor-image-box-description\">D\u00favidas? <br>\nLigue para 0800 723 2476<br>Segunda a Sexta - Feira das 08h \u00e0s 16:45.\n<\/p><\/div><\/div>\t\t\t\t<\/div>\n\t\t\t\t<\/div>\n\t\t\t\t<div class=\"elementor-element elementor-element-82e4772 elementor-position-left animated-fast elementor-vertical-align-top elementor-invisible elementor-widget elementor-widget-image-box\" data-id=\"82e4772\" data-element_type=\"widget\" data-e-type=\"widget\" data-settings=\"{&quot;_animation&quot;:&quot;slideInUp&quot;}\" data-widget_type=\"image-box.default\">\n\t\t\t\t<div class=\"elementor-widget-container\">\n\t\t\t\t\t<div class=\"elementor-image-box-wrapper\"><figure class=\"elementor-image-box-img\"><img loading=\"lazy\" decoding=\"async\" width=\"72\" height=\"69\" src=\"https:\/\/www.titanlat.com\/site\/wp-content\/uploads\/2022\/03\/icone3.png\" class=\"attachment-full size-full wp-image-626\" alt=\"\" \/><\/figure><div class=\"elementor-image-box-content\"><h3 class=\"elementor-image-box-title\">Quer fazer parte do nosso time?<\/h3><p class=\"elementor-image-box-description\">Mande seu curr\u00edculo para<br><span style=\"font-weight: bold;color: #01466d\"><a href=\"mailto:recrutamento@titanlat.com\">recrutamento@titanlat.com<\/a><\/span> e boa sorte!<\/p><\/div><\/div>\t\t\t\t<\/div>\n\t\t\t\t<\/div>\n\t\t\t\t<div class=\"elementor-element elementor-element-a57db11 elementor-position-left animated-fast elementor-vertical-align-top elementor-invisible elementor-widget elementor-widget-image-box\" data-id=\"a57db11\" data-element_type=\"widget\" data-e-type=\"widget\" data-settings=\"{&quot;_animation&quot;:&quot;slideInUp&quot;}\" data-widget_type=\"image-box.default\">\n\t\t\t\t<div class=\"elementor-widget-container\">\n\t\t\t\t\t<div class=\"elementor-image-box-wrapper\"><figure class=\"elementor-image-box-img\"><img loading=\"lazy\" decoding=\"async\" width=\"72\" height=\"69\" src=\"https:\/\/www.titanlat.com\/site\/wp-content\/uploads\/2022\/03\/icone4.png\" class=\"attachment-full size-full wp-image-625\" alt=\"\" \/><\/figure><div class=\"elementor-image-box-content\"><h3 class=\"elementor-image-box-title\">Compliance \u00e9 um compromisso da Titan.<\/h3><p class=\"elementor-image-box-description\">Fa\u00e7a sua den\u00fancia an\u00f4nima pelo hotline<br> <strong>8787-1212.<\/strong>\nLinha direta exclusiva para<br> funcion\u00e1rios e fornecedores.\n<\/p><\/div><\/div>\t\t\t\t<\/div>\n\t\t\t\t<\/div>\n\t\t\t\t<\/div>\n\t\t<div class=\"elementor-element elementor-element-d693495 e-con-full e-flex parallax_section_no qode_elementor_container_no e-con e-child\" data-id=\"d693495\" data-element_type=\"container\" data-e-type=\"container\">\n\t\t\t\t<div class=\"elementor-element elementor-element-7fc70b7 elementor-widget elementor-widget-image\" data-id=\"7fc70b7\" data-element_type=\"widget\" data-e-type=\"widget\" data-widget_type=\"image.default\">\n\t\t\t\t<div class=\"elementor-widget-container\">\n\t\t\t\t\t\t\t\t\t\t\t\t\t\t\t\t<a href=\"http:\/\/tgp.titanlat.com\/wfrmProtocoloSimplificado.aspx?Token=u239ka10923o998kdABPz100R\" target=\"_blank\">\n\t\t\t\t\t\t\t<img loading=\"lazy\" decoding=\"async\" width=\"580\" height=\"460\" src=\"https:\/\/www.titanlat.com\/site\/wp-content\/uploads\/2026\/04\/banner-titan-sac.jpg\" class=\"attachment-large size-large wp-image-12717\" alt=\"\" srcset=\"https:\/\/www.titanlat.com\/site\/wp-content\/uploads\/2026\/04\/banner-titan-sac.jpg 580w, https:\/\/www.titanlat.com\/site\/wp-content\/uploads\/2026\/04\/banner-titan-sac-300x238.jpg 300w\" sizes=\"(max-width: 580px) 100vw, 580px\" \/>\t\t\t\t\t\t\t\t<\/a>\n\t\t\t\t\t\t\t\t\t\t\t\t\t\t\t<\/div>\n\t\t\t\t<\/div>\n\t\t\t\t<\/div>\n\t\t\t\t<\/div>\n\t\t\t\t<\/div>\n\t\t\t\t\t<\/div>\n\t\t\t\t<\/div>\n\t\t<div class=\"elementor-element elementor-element-2289180 e-flex e-con-boxed parallax_section_no qode_elementor_container_no e-con e-parent\" data-id=\"2289180\" data-element_type=\"container\" data-e-type=\"container\" data-settings=\"{&quot;background_background&quot;:&quot;classic&quot;}\">\n\t\t\t\t\t<div class=\"e-con-inner\">\n\t\t<div class=\"elementor-element elementor-element-cb80f0e e-con-full e-flex parallax_section_no qode_elementor_container_no e-con e-child\" data-id=\"cb80f0e\" data-element_type=\"container\" data-e-type=\"container\">\n\t\t\t\t<div class=\"elementor-element elementor-element-a07dcc3 elementor-widget elementor-widget-text-editor\" data-id=\"a07dcc3\" data-element_type=\"widget\" data-e-type=\"widget\" data-widget_type=\"text-editor.default\">\n\t\t\t\t<div class=\"elementor-widget-container\">\n\t\t\t\t\t\t\t\t\t<p>O e-mail <a href=\"mailto:titanrelaciona@titanlat.com\"><strong>titanrelaciona@titanlat.com<\/strong><\/a> \u00e9 um canal <u>exclusivo<\/u> de contato direto para moradores vizinhos da empresa e pode ser utilizado tamb\u00e9m para assuntos institucionais ou para contato com a imprensa<\/p>\t\t\t\t\t\t\t\t<\/div>\n\t\t\t\t<\/div>\n\t\t\t\t<\/div>\n\t\t\t\t\t<\/div>\n\t\t\t\t<\/div>\n\t\t\t\t<\/div>\n\t\t","protected":false},"excerpt":{"rendered":"<p>Fale com a nossa equipe Estamos aqui para ajud\u00e1-lo(a) no que for preciso TITAN BRASIL Rua dos Prazeres, 106. S\u00e3o Paulo \u2013 SP. D\u00favidas? Ligue para 0800 723 2476Segunda a Sexta &#8211; Feira das 08h \u00e0s 16:45. Quer fazer parte do nosso time? Mande seu&#8230;<\/p>\n","protected":false},"author":1,"featured_media":0,"parent":0,"menu_order":0,"comment_status":"closed","ping_status":"open","template":"elementor_header_footer","meta":{"_acf_changed":false,"footnotes":""},"class_list":["post-10","page","type-page","status-publish","hentry"],"acf":[],"yoast_head":"<!-- This site is optimized with the Yoast SEO plugin v27.4 - https:\/\/yoast.com\/product\/yoast-seo-wordpress\/ -->\n<title>Contato - Titan<\/title>\n<meta name=\"robots\" content=\"index, follow, max-snippet:-1, max-image-preview:large, max-video-preview:-1\" \/>\n<link rel=\"canonical\" href=\"https:\/\/www.titanlat.com\/site\/contato\/\" \/>\n<meta property=\"og:locale\" content=\"pt_BR\" \/>\n<meta property=\"og:type\" content=\"article\" \/>\n<meta property=\"og:title\" content=\"Contato - Titan\" \/>\n<meta property=\"og:description\" content=\"Fale com a nossa equipe Estamos aqui para ajud\u00e1-lo(a) no que for preciso TITAN BRASIL Rua dos Prazeres, 106. S\u00e3o Paulo \u2013 SP. D\u00favidas? Ligue para 0800 723 2476Segunda a Sexta &#8211; Feira das 08h \u00e0s 16:45. Quer fazer parte do nosso time? Mande seu...\" \/>\n<meta property=\"og:url\" content=\"https:\/\/www.titanlat.com\/site\/contato\/\" \/>\n<meta property=\"og:site_name\" content=\"Titan\" \/>\n<meta property=\"article:modified_time\" content=\"2026-04-02T18:53:20+00:00\" \/>\n<meta property=\"og:image\" content=\"https:\/\/www.titanlat.com\/site\/wp-content\/uploads\/2022\/03\/icone1-1.png\" \/>\n\t<meta property=\"og:image:width\" content=\"72\" \/>\n\t<meta property=\"og:image:height\" content=\"69\" \/>\n\t<meta property=\"og:image:type\" content=\"image\/png\" \/>\n<meta name=\"twitter:card\" content=\"summary_large_image\" \/>\n<meta name=\"twitter:label1\" content=\"Est. tempo de leitura\" \/>\n\t<meta name=\"twitter:data1\" content=\"2 minutos\" \/>\n<script type=\"application\/ld+json\" class=\"yoast-schema-graph\">{\"@context\":\"https:\\\/\\\/schema.org\",\"@graph\":[{\"@type\":\"WebPage\",\"@id\":\"https:\\\/\\\/www.titanlat.com\\\/site\\\/contato\\\/\",\"url\":\"https:\\\/\\\/www.titanlat.com\\\/site\\\/contato\\\/\",\"name\":\"Contato - Titan\",\"isPartOf\":{\"@id\":\"https:\\\/\\\/www.titanlat.com\\\/site\\\/#website\"},\"primaryImageOfPage\":{\"@id\":\"https:\\\/\\\/www.titanlat.com\\\/site\\\/contato\\\/#primaryimage\"},\"image\":{\"@id\":\"https:\\\/\\\/www.titanlat.com\\\/site\\\/contato\\\/#primaryimage\"},\"thumbnailUrl\":\"https:\\\/\\\/www.titanlat.com\\\/site\\\/wp-content\\\/uploads\\\/2022\\\/03\\\/icone1-1.png\",\"datePublished\":\"2022-03-22T19:58:55+00:00\",\"dateModified\":\"2026-04-02T18:53:20+00:00\",\"breadcrumb\":{\"@id\":\"https:\\\/\\\/www.titanlat.com\\\/site\\\/contato\\\/#breadcrumb\"},\"inLanguage\":\"pt-BR\",\"potentialAction\":[{\"@type\":\"ReadAction\",\"target\":[\"https:\\\/\\\/www.titanlat.com\\\/site\\\/contato\\\/\"]}]},{\"@type\":\"ImageObject\",\"inLanguage\":\"pt-BR\",\"@id\":\"https:\\\/\\\/www.titanlat.com\\\/site\\\/contato\\\/#primaryimage\",\"url\":\"https:\\\/\\\/www.titanlat.com\\\/site\\\/wp-content\\\/uploads\\\/2022\\\/03\\\/icone1-1.png\",\"contentUrl\":\"https:\\\/\\\/www.titanlat.com\\\/site\\\/wp-content\\\/uploads\\\/2022\\\/03\\\/icone1-1.png\",\"width\":72,\"height\":69},{\"@type\":\"BreadcrumbList\",\"@id\":\"https:\\\/\\\/www.titanlat.com\\\/site\\\/contato\\\/#breadcrumb\",\"itemListElement\":[{\"@type\":\"ListItem\",\"position\":1,\"name\":\"In\u00edcio\",\"item\":\"https:\\\/\\\/www.titanlat.com\\\/site\\\/\"},{\"@type\":\"ListItem\",\"position\":2,\"name\":\"Contato\"}]},{\"@type\":\"WebSite\",\"@id\":\"https:\\\/\\\/www.titanlat.com\\\/site\\\/#website\",\"url\":\"https:\\\/\\\/www.titanlat.com\\\/site\\\/\",\"name\":\"Titan\",\"description\":\"Site\",\"publisher\":{\"@id\":\"https:\\\/\\\/www.titanlat.com\\\/site\\\/#organization\"},\"potentialAction\":[{\"@type\":\"SearchAction\",\"target\":{\"@type\":\"EntryPoint\",\"urlTemplate\":\"https:\\\/\\\/www.titanlat.com\\\/site\\\/?s={search_term_string}\"},\"query-input\":{\"@type\":\"PropertyValueSpecification\",\"valueRequired\":true,\"valueName\":\"search_term_string\"}}],\"inLanguage\":\"pt-BR\"},{\"@type\":\"Organization\",\"@id\":\"https:\\\/\\\/www.titanlat.com\\\/site\\\/#organization\",\"name\":\"Titan\",\"url\":\"https:\\\/\\\/www.titanlat.com\\\/site\\\/\",\"logo\":{\"@type\":\"ImageObject\",\"inLanguage\":\"pt-BR\",\"@id\":\"https:\\\/\\\/www.titanlat.com\\\/site\\\/#\\\/schema\\\/logo\\\/image\\\/\",\"url\":\"https:\\\/\\\/www.titanlat.com\\\/site\\\/wp-content\\\/uploads\\\/2022\\\/03\\\/Logo_Titan.png\",\"contentUrl\":\"https:\\\/\\\/www.titanlat.com\\\/site\\\/wp-content\\\/uploads\\\/2022\\\/03\\\/Logo_Titan.png\",\"width\":246,\"height\":59,\"caption\":\"Titan\"},\"image\":{\"@id\":\"https:\\\/\\\/www.titanlat.com\\\/site\\\/#\\\/schema\\\/logo\\\/image\\\/\"},\"sameAs\":[\"https:\\\/\\\/www.instagram.com\\\/titanpneus\\\/\",\"https:\\\/\\\/www.linkedin.com\\\/company\\\/titanpneus\\\/\"]}]}<\/script>\n<!-- \/ Yoast SEO plugin. -->","yoast_head_json":{"title":"Contato - Titan","robots":{"index":"index","follow":"follow","max-snippet":"max-snippet:-1","max-image-preview":"max-image-preview:large","max-video-preview":"max-video-preview:-1"},"canonical":"https:\/\/www.titanlat.com\/site\/contato\/","og_locale":"pt_BR","og_type":"article","og_title":"Contato - Titan","og_description":"Fale com a nossa equipe Estamos aqui para ajud\u00e1-lo(a) no que for preciso TITAN BRASIL Rua dos Prazeres, 106. S\u00e3o Paulo \u2013 SP. D\u00favidas? Ligue para 0800 723 2476Segunda a Sexta &#8211; Feira das 08h \u00e0s 16:45. Quer fazer parte do nosso time? Mande seu...","og_url":"https:\/\/www.titanlat.com\/site\/contato\/","og_site_name":"Titan","article_modified_time":"2026-04-02T18:53:20+00:00","og_image":[{"width":72,"height":69,"url":"https:\/\/www.titanlat.com\/site\/wp-content\/uploads\/2022\/03\/icone1-1.png","type":"image\/png"}],"twitter_card":"summary_large_image","twitter_misc":{"Est. tempo de leitura":"2 minutos"},"schema":{"@context":"https:\/\/schema.org","@graph":[{"@type":"WebPage","@id":"https:\/\/www.titanlat.com\/site\/contato\/","url":"https:\/\/www.titanlat.com\/site\/contato\/","name":"Contato - Titan","isPartOf":{"@id":"https:\/\/www.titanlat.com\/site\/#website"},"primaryImageOfPage":{"@id":"https:\/\/www.titanlat.com\/site\/contato\/#primaryimage"},"image":{"@id":"https:\/\/www.titanlat.com\/site\/contato\/#primaryimage"},"thumbnailUrl":"https:\/\/www.titanlat.com\/site\/wp-content\/uploads\/2022\/03\/icone1-1.png","datePublished":"2022-03-22T19:58:55+00:00","dateModified":"2026-04-02T18:53:20+00:00","breadcrumb":{"@id":"https:\/\/www.titanlat.com\/site\/contato\/#breadcrumb"},"inLanguage":"pt-BR","potentialAction":[{"@type":"ReadAction","target":["https:\/\/www.titanlat.com\/site\/contato\/"]}]},{"@type":"ImageObject","inLanguage":"pt-BR","@id":"https:\/\/www.titanlat.com\/site\/contato\/#primaryimage","url":"https:\/\/www.titanlat.com\/site\/wp-content\/uploads\/2022\/03\/icone1-1.png","contentUrl":"https:\/\/www.titanlat.com\/site\/wp-content\/uploads\/2022\/03\/icone1-1.png","width":72,"height":69},{"@type":"BreadcrumbList","@id":"https:\/\/www.titanlat.com\/site\/contato\/#breadcrumb","itemListElement":[{"@type":"ListItem","position":1,"name":"In\u00edcio","item":"https:\/\/www.titanlat.com\/site\/"},{"@type":"ListItem","position":2,"name":"Contato"}]},{"@type":"WebSite","@id":"https:\/\/www.titanlat.com\/site\/#website","url":"https:\/\/www.titanlat.com\/site\/","name":"Titan","description":"Site","publisher":{"@id":"https:\/\/www.titanlat.com\/site\/#organization"},"potentialAction":[{"@type":"SearchAction","target":{"@type":"EntryPoint","urlTemplate":"https:\/\/www.titanlat.com\/site\/?s={search_term_string}"},"query-input":{"@type":"PropertyValueSpecification","valueRequired":true,"valueName":"search_term_string"}}],"inLanguage":"pt-BR"},{"@type":"Organization","@id":"https:\/\/www.titanlat.com\/site\/#organization","name":"Titan","url":"https:\/\/www.titanlat.com\/site\/","logo":{"@type":"ImageObject","inLanguage":"pt-BR","@id":"https:\/\/www.titanlat.com\/site\/#\/schema\/logo\/image\/","url":"https:\/\/www.titanlat.com\/site\/wp-content\/uploads\/2022\/03\/Logo_Titan.png","contentUrl":"https:\/\/www.titanlat.com\/site\/wp-content\/uploads\/2022\/03\/Logo_Titan.png","width":246,"height":59,"caption":"Titan"},"image":{"@id":"https:\/\/www.titanlat.com\/site\/#\/schema\/logo\/image\/"},"sameAs":["https:\/\/www.instagram.com\/titanpneus\/","https:\/\/www.linkedin.com\/company\/titanpneus\/"]}]}},"_links":{"self":[{"href":"https:\/\/www.titanlat.com\/site\/wp-json\/wp\/v2\/pages\/10","targetHints":{"allow":["GET"]}}],"collection":[{"href":"https:\/\/www.titanlat.com\/site\/wp-json\/wp\/v2\/pages"}],"about":[{"href":"https:\/\/www.titanlat.com\/site\/wp-json\/wp\/v2\/types\/page"}],"author":[{"embeddable":true,"href":"https:\/\/www.titanlat.com\/site\/wp-json\/wp\/v2\/users\/1"}],"replies":[{"embeddable":true,"href":"https:\/\/www.titanlat.com\/site\/wp-json\/wp\/v2\/comments?post=10"}],"version-history":[{"count":141,"href":"https:\/\/www.titanlat.com\/site\/wp-json\/wp\/v2\/pages\/10\/revisions"}],"predecessor-version":[{"id":12720,"href":"https:\/\/www.titanlat.com\/site\/wp-json\/wp\/v2\/pages\/10\/revisions\/12720"}],"wp:attachment":[{"href":"https:\/\/www.titanlat.com\/site\/wp-json\/wp\/v2\/media?parent=10"}],"curies":[{"name":"wp","href":"https:\/\/api.w.org\/{rel}","templated":true}]}}